{"id":915,"date":"2023-02-17T11:17:00","date_gmt":"2023-02-17T10:17:00","guid":{"rendered":"https:\/\/mto-gmbh.com\/Neu\/?page_id=915"},"modified":"2023-02-17T11:25:23","modified_gmt":"2023-02-17T10:25:23","slug":"verhaltensgrundsaetze-2","status":"publish","type":"page","link":"https:\/\/mto-gmbh.com\/Neu\/index.php\/verhaltensgrundsaetze-2\/","title":{"rendered":"Verhaltensgrunds\u00e4tze"},"content":{"rendered":"<div id=\"cs-content\" class=\"cs-content\"  >\n<div class=\"e915-1 x-section\" >\n      \n<div class=\"e915-2 x-container max width\" >\n    \n<div class=\"e915-3 x-column x-sm x-1-1\" >\n    \n<span class=\"e915-4 x-image\" >\n  <img src=\"https:\/\/mto-gmbh.com\/Neu\/wp-content\/uploads\/2023\/02\/Verhaltensgrundsaetze-MTO-scaled.jpg\" width=\"1280\" height=\"1020.5\" alt=\"Image\" loading=\"lazy\" >\n<\/span>\n<\/div>\n<\/div>\n    <\/div>\n\n<div class=\"e915-5 x-section\" >\n      \n<div class=\"e915-6 x-row x-container max width\" >\n    <div class=\"x-row-inner\">\n<div class=\"e915-7 x-col\" >\n    <h1  class=\"h-custom-headline h2\" ><span>Verhaltensgrunds\u00e4tze <\/span><\/h1>\n<hr class=\"e915-9 x-line\" >\n  <\/div>\n<\/div>\n  <\/div>\n\n<div class=\"e915-10 x-row x-container max width\" >\n    <div class=\"x-row-inner\">\n<div class=\"e915-11 x-col\" >\n    \n<hr class=\"e915-12 x-line\" >\n<h1  class=\"h-custom-headline h4\" ><span>Vorwort:<\/span><\/h1><div class=\"x-text\"  ><p>Diese Niederschrift von Verhaltensgrunds\u00e4tzen dient als verbindliche Leitlinie f\u00fcr die Entscheidungen unseres Unternehmens und das Handeln unserer Mitarbeiter. Die Verhaltensgrunds\u00e4tze sind f\u00fcr alle Mitarbeiter unseres Hauses verbindlich und gelten weltweit im gesch\u00e4ftlichen Umfeld, im Umgang mit der \u00d6ffentlichkeit aber auch f\u00fcr das t\u00e4gliche Miteinander innerhalb unseres Unternehmens. Tragende Prinzipien unseres Hauses sind die Einhaltung von Recht und Gesetz in unserem unternehmerischen Handeln wie auch die gesellschaftliche Verantwortung gegen\u00fcber Mitarbeitern, Gesch\u00e4ftspartnern, der Gesellschaft und der Umwelt. Wir erwarten von allen unseren Mitarbeitern immerw\u00e4hrend ein verantwortungsvolles, bedachtes, integreres und faires Handeln und Verhalten, sowohl f\u00fcr sich selbst als auch im Namen unseres Unternehmens.<br \/>\nIm Arbeitsumfeld des T\u00e4tigkeitsbereichs sind alle Mitarbeiter angehalten, die jeweils geltenden gesetzlichen Vorschriften einzuhalten und die nachfolgenden Verhaltensgrunds\u00e4tze zu beachten.<\/p>\n<\/div>\n<hr class=\"e915-15 x-line\" >\n<h1  class=\"h-custom-headline h4\" ><span>1. Grunds\u00e4tzliche Verhaltensanforderungen<\/span><\/h1>  <\/div>\n<\/div>\n  <\/div>\n\n<div class=\"e915-17 x-row x-container max width\" >\n    <div class=\"x-row-inner\">\n<div class=\"e915-18 x-col\" >\n    <div class=\"x-text cs-ta-left\"  ><p>a. Die Einhaltung der geltenden Gesetze und Vorschriften ist f\u00fcr unser Unternehmen selbstverst\u00e4ndlich. Unsere Mitarbeiter sind angehalten, die f\u00fcr den Bereich ihrer T\u00e4tigkeit geltenden gesetzlichen Regelungen und Bestimmungen stets einzuhalten.<br \/>\nb. Unser Unternehmen beachtet insbesondere nationale und internationale Gesetze, die den Import, den Export oder inl\u00e4ndischen Handel von Waren, Technologien oder Dienstleistungen reglementieren sowie den Umgang mit bestimmten Produkten und den Kapital- und Zahlungsverkehr. Unser Unternehmen beachtet zudem die nationale und internationalen Embargo- und Exportkontrollbestimmungen.<br \/>\nc. In unserem Unternehmen ist jede Form von Bestechung und Bestechlichkeit verboten, sei es von Amtstr\u00e4gern oder im gesch\u00e4ftlichen Umgang. Das Verbot der Annahme von Geld oder Wertgegenst\u00e4nden als Gegenleistung f\u00fcr den Bezug von Produkten oder anderen Leistungen gilt f\u00fcr jeden Mitarbeiter unseres Unternehmens. Verboten sind auch materielle oder immaterielle Zuwendungen an Besch\u00e4ftigte oder Beauftragte eines gesch\u00e4ftlichen Betriebes als Gegenleistung f\u00fcr eine Bevorzugung im gesch\u00e4ftlichen Verkehr.<br \/>\nd. Unser Unternehmen engagiert sich f\u00fcr ethischen, fairen und offenen Wettbewerb. Es ist unseren Mitarbeitern nicht gestattet, Absprachen zu treffen, die den Wettbewerb in unzul\u00e4ssiger Weise beeinflussen. Die Einhaltung der in den jeweiligen L\u00e4ndern geltenden Gesetze zum Schutz des Wettbewerbs sind von allen Mitarbeitern unseres Unternehmens selbstverst\u00e4ndlich.<\/p>\n<\/div>\n<hr class=\"e915-20 x-line\" >\n<h1  class=\"h-custom-headline h4\" ><span>2. Schutz von geistigem Eigentum und das Bewahren von Betriebsgeheimnissen<\/span><\/h1>  <\/div>\n<\/div>\n  <\/div>\n\n<div class=\"e915-22 x-row x-container max width\" >\n    <div class=\"x-row-inner\">\n<div class=\"e915-23 x-col\" >\n    <div class=\"x-text\"  ><p>a. Unser Unternehmen ist uneingeschr\u00e4nkt dem Schutz des geistigen Eigentums und des Urheberrechts Dritter verpflichtet. Wir wenden keine unlauteren Methoden an, um an Handelsgeheimnisse unserer Wettbewerber oder an firmeninterne und vertrauliche Informationen \u00fcber diese zu gelangen. Wir beteiligen uns nicht an der unberechtigten Verwendung, Vervielf\u00e4ltigung, Verteilung und Ver\u00e4nderung von Software oder anderem geistigen Eigentum.<br \/>\nb. Alle unsere Mitarbeiter sind verpflichtet, \u00fcber Betriebs- und Gesch\u00e4ftsgeheimnisse und andere interne Angelegenheiten Verschwiegenheit zu wahren. Dies gilt entsprechend f\u00fcr die nicht \u00f6ffentlich zug\u00e4nglichen Informationen \u00fcber Vertragspartner und Kunden, auch nach Beendigung des Arbeitsverh\u00e4ltnisses.<br \/>\nc. Unser Haus gew\u00e4hrleistet die Einhaltung der datenschutzrechtlichen Bestimmungen. Jede Art der Verarbeitung personenbezogener Daten muss in \u00dcbereinstimmung mit dem geltenden Datenschutzrecht erfolgen. Dokumente mit pers\u00f6nlichen Daten \u00fcber Mitarbeiter werden vertraulich behandelt und vor unberechtigtem Zugriff gesch\u00fctzt.<\/p>\n<\/div>\n<hr class=\"e915-25 x-line\" >\n<h1  class=\"h-custom-headline h4\" ><span>3. Nachhaltige Verantwortung<\/span><\/h1><div class=\"x-text\"  ><p>a. Unser Unternehmen ist sich seiner Verantwortung gegen\u00fcber Umweltschutz, Nachhaltigkeit und einem umweltschonenden Umgang mit den nat\u00fcrlichen Ressourcen bewusst.<br \/>\nb. Unser Unternehmen erf\u00fcllt die geltenden Gesetze, Verordnung und Umweltschutzstandards.<br \/>\nc. Unser Unternehmen bem\u00fcht sich stets um eine verantwortungsvolle Nutzung und Beschaffung nat\u00fcrlicher Ressourcen bei der Herstellung und dem Vertrieb unserer Produkte und Dienstleistungen.<\/p>\n<\/div>\n<hr class=\"e915-28 x-line\" >\n<h1  class=\"h-custom-headline h4\" ><span>4. Soziale Verantwortung<\/span><\/h1><div class=\"x-text\"  ><p>a. Unser Unternehmen respektiert die pers\u00f6nliche W\u00fcrde, die Privatsph\u00e4re und die Pers\u00f6nlichkeitsrechte jedes Mitarbeiters und Dritter, mit denen wir in gesch\u00e4ftlichem Kontakt stehen.<br \/>\nb. Unser Unternehmen bekennt sich zur Chancengleichheit und f\u00f6rderndem Arbeitsumfeld, das von Respekt und Toleranz gepr\u00e4gt ist, in dem der Wert und die W\u00fcrde jedes Einzelnen anerkannt werden und alle Mitarbeiter einander mit H\u00f6flichkeit, Ehrlichkeit und W\u00fcrde begegnen. Bel\u00e4stigungen, Mobbing und Einsch\u00fcchterungen sind untersagt.<br \/>\nc. In unserem Unternehmen ist Kinder- und Zwangsarbeit verboten.<br \/>\nd. Unser Unternehmen respektiert die unterschiedlichen kulturellen, ethnischen und religi\u00f6sen Hintergr\u00fcnde und verpflichtet sich zum Gleichheitsgrundsatz, unabh\u00e4ngig von Nationalit\u00e4t, Rasse oder ethnischer Herkunft, Alter, Behinderung, Aussehen und sonstiger k\u00f6rperlicher Konstitution, Hautfarbe, sexueller Orientierung, Geschlecht, Religion und Weltanschauung oder sonstiger gesetzlich gesch\u00fctzter Merkmale. Personalbezogene Entscheidungen m\u00fcssen frei von jeder Diskriminierung getroffen werden. Unser Unternehmen duldet keinerlei diskriminierendes Verhalten gegen\u00fcber Mitarbeitern oder Bewerbern.<br \/>\ne. Unser Unternehmen gew\u00e4hrleistet im Rahmen der nationalen Bestimmungen die Arbeitssicherheit und den Gesundheitsschutz am Arbeitsplatz. Unser Unternehmen h\u00e4lt sich an die gesetzlichen Regelungen zur Sicherung fairer Arbeitsbedingungen einschlie\u00dflich solcher zur Entlohnung, zu Arbeitszeiten und zum Schutz der Privatsph\u00e4re.<\/p>\n<\/div>\n<hr class=\"e915-31 x-line\" >\n<h1  class=\"h-custom-headline h4\" ><span>5. Einhaltung der Verhaltensgrunds\u00e4tze<\/span><\/h1><div class=\"x-text\"  ><p>a. Jedem Mitarbeiter wird dieser Verhaltenskodex zur Kenntnisnahme \u00fcbergeben. Jeder Mitarbeiter ist verpflichtet diesen einzuhalten.<br \/>\nb. Unser Haus wird die in dem Verhaltenskodex enthaltenen Grundwerte in s\u00e4mtlichen Gesch\u00e4ftsbereichen umsetzen, indem alle hierzu erforderlichen geeigneten Organisationsma\u00dfnahmen sowie angemessenen Richtlinien und Prozesse implementiert werden. Die Einhaltung der insofern eingeleiteten Organisationsma\u00dfnahmen, Richtlinien und Prozesse wird regelm\u00e4\u00dfig von unserem Haus \u00fcberpr\u00fcft und kontrolliert.<br \/>\nc. Verst\u00f6\u00dfe gegen den Verhaltenskodex und gesetzliche Bestimmungen k\u00f6nnen je nach Schwere arbeits- und haftungsrechtliche Konsequenzen nach sich ziehen und auch strafrechtliche Sanktionen zur Folge haben.<\/p>\n<\/div>\n<a class=\"e915-34 x-image\" href=\"https:\/\/mto-gmbh.com\/Neu\/wp-content\/uploads\/2023\/02\/Verhaltensgrundsaetze-MTO-2021.pdf\" target=\"_blank\" >\n  <img src=\"https:\/\/mto-gmbh.com\/Neu\/wp-content\/uploads\/2023\/02\/Pdf-symbol.png\" width=\"99\" height=\"140\" alt=\"Image\" loading=\"lazy\" >\n<\/a>\n<h1  class=\"h-custom-headline cs-ta-right h4\" ><span>Verhaltensgrunds\u00e4tze MTO 08\/21<\/span><\/h1>  <\/div>\n<\/div>\n  <\/div>\n    <\/div>\n\n<div class=\"e915-36 x-section\" >\n      \n<div class=\"e915-37 x-container max width\" >\n    <\/div>\n\n<div class=\"e915-38 x-container max width\" >\n    \n<div class=\"e915-39 x-column x-sm x-1-1\" >\n    \n<hr class=\"e915-40 x-line\" >\n<\/div>\n<\/div>\n    <\/div>\n\n<div class=\"e915-41 x-section\" >\n      \n<div class=\"e915-42 x-container max width\" >\n    \n<div class=\"e915-43 x-column x-sm x-1-1\" >\n    \n<span class=\"e915-44 x-image\" >\n  <img src=\"https:\/\/mto-gmbh.com\/Neu\/wp-content\/uploads\/2023\/02\/Code-of-conduct-MTO-scaled.jpg\" width=\"1280\" height=\"1020.5\" alt=\"Image\" loading=\"lazy\" >\n<\/span>\n<\/div>\n<\/div>\n    <\/div>\n\n<div class=\"e915-45 x-section\" >\n      \n<div class=\"e915-46 x-row x-container max width\" >\n    <div class=\"x-row-inner\">\n<div class=\"e915-47 x-col\" >\n    <h1  class=\"h-custom-headline h2\" ><span>Code of Conduct<\/span><\/h1>\n<hr class=\"e915-49 x-line\" >\n  <\/div>\n<\/div>\n  <\/div>\n\n<div class=\"e915-50 x-row x-container max width\" >\n    <div class=\"x-row-inner\">\n<div class=\"e915-51 x-col\" >\n    \n<hr class=\"e915-52 x-line\" >\n<h1  class=\"h-custom-headline h4\" ><span>Preface:<\/span><\/h1><div class=\"x-text\"  ><p>The main principles of the company include compliance with the law in our business activities as well as social responsibility towards employees, business partners, society and the environment.<br \/>\nThis Code of Conduct serves as a binding guideline for our decisions and the actions of our employees. It is binding for all employees of our company and applies worldwide in the business environment, in dealing with the public but also for the daily interaction within our company.<br \/>\nAll employees are required to comply with the applicable regulations in their work environment for their area of activity and to observe the principles of conduct and to act responsibly, carefully, with integrity and fairness for themselves as well as on behalf of our company.<\/p>\n<\/div>\n<hr class=\"e915-55 x-line\" >\n<h1  class=\"h-custom-headline h4\" ><span>1. Basic guidelines<\/span><\/h1>  <\/div>\n<\/div>\n  <\/div>\n\n<div class=\"e915-57 x-row x-container max width\" >\n    <div class=\"x-row-inner\">\n<div class=\"e915-58 x-col\" >\n    <div class=\"x-text cs-ta-left\"  ><p>a. Compliance with the applicable laws and regulations is a matter, of course, for our company. Our employees are required to always comply with the statutory rules and regulations applicable to their area of activity.<br \/>\nb. Our company particularly observes national and international laws that regulate the import, export or domestic trade of goods, technologies or services as well as the handling of certain products and capital and payment transactions. Our company also complies with national and international embargo and export control regulations.<br \/>\nc. In our company, any form of bribery and corruption is prohibited, be it by public officials or in business dealings. Our employees are prohibited from asking for money or valuables in return for the purchase of products or other services, or from being promised or accepted. Any material or insubstantial donation to employees or agents of a business operation in return for preferential treatment in business dealings is prohibited.<br \/>\nd. Our company is committed to ethical, fair and open competition. It is forbidden for our employees to make agreements that influence the competition in an inadmissible way. Laws for the protection of competition in the respective countries are to be observed and guaranteed by all employees of our company.<\/p>\n<\/div>\n<hr class=\"e915-60 x-line\" >\n<h1  class=\"h-custom-headline h4\" ><span>2. Handling of information and intellectual property<\/span><\/h1>  <\/div>\n<\/div>\n  <\/div>\n\n<div class=\"e915-62 x-row x-container max width\" >\n    <div class=\"x-row-inner\">\n<div class=\"e915-63 x-col\" >\n    <div class=\"x-text\"  ><p>a. Our company is fully committed to protecting the intellectual property and copyrights of third parties. We do not use any improper methods to obtain our competitors' trade secrets or internal and confidential information about them. We do not participate in the unauthorized use, duplication, distribution or modification of software or other intellectual property.<br \/>\nb. Our employees are obliged to maintain confidentiality about trade and business secrets and other internal matters. This applies accordingly to information about contractual partners and customers that are not publicly available, even after the employment relationship has ended.<br \/>\nc. Our company guarantees compliance with data protection regulations. Any type of processing of personal data must be carried out in accordance with applicable data protection law. Documents with personal data about employees are treated confidentially and protected against unauthorized access.<\/p>\n<\/div>\n<hr class=\"e915-65 x-line\" >\n<h1  class=\"h-custom-headline h4\" ><span>3. Sustainable responsibility<\/span><\/h1><div class=\"x-text\"  ><p>a. Our company is aware of its responsibility to environmental protection, sustainability and the environmentally friendly use of natural resources.<br \/>\nb. Our company complies with the applicable laws, regulations and standards for environmental protection.<br \/>\nc. Our company always strives to use and procure natural resources responsibly in the manufacture and sale of our products and services.<\/p>\n<\/div>\n<hr class=\"e915-68 x-line\" >\n<h1  class=\"h-custom-headline h4\" ><span>4. Social responsibility<\/span><\/h1><div class=\"x-text\"  ><p>a. Our company is committed to equal opportunities and a supportive work environment that is characterized by respect and tolerance, in which the value and dignity of each individual are recognized and all employees treat one another with courtesy, honesty and dignity. Harassment, bullying and intimidation are prohibited.<br \/>\nb. Child labor and forced labor are prohibited in our company.<br \/>\nc. Our company respects the different cultural, ethnic and religious backgrounds and is committed to the principle of equality, regardless of nationality, race or ethnic origin, age, disability, appearance and other physical constitution, skin color, sexual orientation, gender, religion and belief or other legally protected Characteristics. Personnel-related decisions must be made free of any discrimination. Our company does not tolerate any discriminatory behavior towards employees or applicants.<br \/>\nd. Our company respects the dignity and personal rights of our employees and third parties with whom we are in business contact.<br \/>\ne. Occupational health and safety at work is guaranteed within the framework of national regulations. Our company adheres to the legal regulations to ensure fair working conditions, including those on remuneration, working hours and the protection of privacy.<\/p>\n<\/div>\n<hr class=\"e915-71 x-line\" >\n<h1  class=\"h-custom-headline h4\" ><span>5. Compliance with the Code of Conduct<\/span><\/h1><div class=\"x-text\"  ><p>a. This code of conduct is given to every employee. Every employee is obliged to adhere to them.<br \/>\nb. Our company will implement the basic values contained in the code of conduct in all business areas by implementing all necessary organizational measures as well as appropriate guidelines and processes. Compliance with the organizational measures, guidelines and processes introduced in this respect is regularly checked by our company.<br \/>\nc. Violations of the code of conduct and statutory provisions can, depending on the severity, result in consequences under labor and liability law and also result in criminal sanctions.<\/p>\n<\/div>\n<a class=\"e915-74 x-image\" href=\"https:\/\/mto-gmbh.com\/Neu\/wp-content\/uploads\/2023\/02\/Code-of-conduct-MTO-2021.pdf\" target=\"_blank\" >\n  <img src=\"https:\/\/mto-gmbh.com\/Neu\/wp-content\/uploads\/2023\/02\/Pdf-symbol.png\" width=\"99\" height=\"140\" alt=\"Image\" loading=\"lazy\" >\n<\/a>\n<h1  class=\"h-custom-headline cs-ta-right h4\" ><span>Code of conduct MTO 08\/21<\/span><\/h1>  <\/div>\n<\/div>\n  <\/div>\n    <\/div>\n<\/div>\n","protected":false},"excerpt":{"rendered":"<p>Verhaltensgrunds\u00e4tze Vorwort:Diese Niederschrift von Verhaltensgrunds\u00e4tzen dient als verbindliche Leitlinie f\u00fcr die Entscheidungen unseres Unternehmens und das Handeln unserer Mitarbeiter. Die Verhaltensgrunds\u00e4tze sind f\u00fcr alle Mitarbeiter unseres Hauses verbindlich und gelten weltweit im gesch\u00e4ftlichen Umfeld, im Umgang mit der \u00d6ffentlichkeit aber auch f\u00fcr das t\u00e4gliche Miteinander innerhalb unseres Unternehmens. Tragende Prinzipien unseres Hauses sind die Einhaltung von Recht und Gesetz in &#8230;<\/p>\n","protected":false},"author":3,"featured_media":0,"parent":0,"menu_order":0,"comment_status":"closed","ping_status":"closed","template":"template-blank-2.php","meta":[],"yoast_head":"<!-- This site is optimized with the Yoast SEO plugin v15.7 - https:\/\/yoast.com\/wordpress\/plugins\/seo\/ -->\n<title>Verhaltensgrunds\u00e4tze - MTO Oberfl\u00e4chenbehandlung GmbH - industrielle Bauteilereinigung<\/title>\n<meta name=\"robots\" content=\"index, follow, max-snippet:-1, max-image-preview:large, max-video-preview:-1\" \/>\n<link rel=\"canonical\" href=\"https:\/\/mto-gmbh.com\/Neu\/index.php\/verhaltensgrundsaetze-2\/\" \/>\n<meta property=\"og:locale\" content=\"de_DE\" \/>\n<meta property=\"og:type\" content=\"article\" \/>\n<meta property=\"og:title\" content=\"Verhaltensgrunds\u00e4tze - MTO Oberfl\u00e4chenbehandlung GmbH - industrielle Bauteilereinigung\" \/>\n<meta property=\"og:description\" content=\"Verhaltensgrunds\u00e4tze Vorwort:Diese Niederschrift von Verhaltensgrunds\u00e4tzen dient als verbindliche Leitlinie f\u00fcr die Entscheidungen unseres Unternehmens und das Handeln unserer Mitarbeiter. Die Verhaltensgrunds\u00e4tze sind f\u00fcr alle Mitarbeiter unseres Hauses verbindlich und gelten weltweit im gesch\u00e4ftlichen Umfeld, im Umgang mit der \u00d6ffentlichkeit aber auch f\u00fcr das t\u00e4gliche Miteinander innerhalb unseres Unternehmens. Tragende Prinzipien unseres Hauses sind die Einhaltung von Recht und Gesetz in ...\" \/>\n<meta property=\"og:url\" content=\"https:\/\/mto-gmbh.com\/Neu\/index.php\/verhaltensgrundsaetze-2\/\" \/>\n<meta property=\"og:site_name\" content=\"MTO Oberfl\u00e4chenbehandlung GmbH - industrielle Bauteilereinigung\" \/>\n<meta property=\"article:modified_time\" content=\"2023-02-17T10:25:23+00:00\" \/>\n<meta name=\"twitter:card\" content=\"summary_large_image\" \/>\n<meta name=\"twitter:label1\" content=\"Gesch\u00e4tzte Lesezeit\">\n\t<meta name=\"twitter:data1\" content=\"11 Minuten\">\n<script type=\"application\/ld+json\" class=\"yoast-schema-graph\">{\"@context\":\"https:\/\/schema.org\",\"@graph\":[{\"@type\":\"WebSite\",\"@id\":\"https:\/\/mto-gmbh.com\/Neu\/#website\",\"url\":\"https:\/\/mto-gmbh.com\/Neu\/\",\"name\":\"MTO Oberfl\\u00e4chenbehandlung GmbH - industrielle Bauteilereinigung\",\"description\":\"Ihr Dienstleister f\\u00fcr die Lohnreinigung von industriellen Bauteilen\",\"potentialAction\":[{\"@type\":\"SearchAction\",\"target\":\"https:\/\/mto-gmbh.com\/Neu\/?s={search_term_string}\",\"query-input\":\"required name=search_term_string\"}],\"inLanguage\":\"de-DE\"},{\"@type\":\"WebPage\",\"@id\":\"https:\/\/mto-gmbh.com\/Neu\/index.php\/verhaltensgrundsaetze-2\/#webpage\",\"url\":\"https:\/\/mto-gmbh.com\/Neu\/index.php\/verhaltensgrundsaetze-2\/\",\"name\":\"Verhaltensgrunds\\u00e4tze - MTO Oberfl\\u00e4chenbehandlung GmbH - industrielle Bauteilereinigung\",\"isPartOf\":{\"@id\":\"https:\/\/mto-gmbh.com\/Neu\/#website\"},\"datePublished\":\"2023-02-17T10:17:00+00:00\",\"dateModified\":\"2023-02-17T10:25:23+00:00\",\"inLanguage\":\"de-DE\",\"potentialAction\":[{\"@type\":\"ReadAction\",\"target\":[\"https:\/\/mto-gmbh.com\/Neu\/index.php\/verhaltensgrundsaetze-2\/\"]}]}]}<\/script>\n<!-- \/ Yoast SEO plugin. -->","_links":{"self":[{"href":"https:\/\/mto-gmbh.com\/Neu\/index.php\/wp-json\/wp\/v2\/pages\/915"}],"collection":[{"href":"https:\/\/mto-gmbh.com\/Neu\/index.php\/wp-json\/wp\/v2\/pages"}],"about":[{"href":"https:\/\/mto-gmbh.com\/Neu\/index.php\/wp-json\/wp\/v2\/types\/page"}],"author":[{"embeddable":true,"href":"https:\/\/mto-gmbh.com\/Neu\/index.php\/wp-json\/wp\/v2\/users\/3"}],"replies":[{"embeddable":true,"href":"https:\/\/mto-gmbh.com\/Neu\/index.php\/wp-json\/wp\/v2\/comments?post=915"}],"version-history":[{"count":4,"href":"https:\/\/mto-gmbh.com\/Neu\/index.php\/wp-json\/wp\/v2\/pages\/915\/revisions"}],"predecessor-version":[{"id":922,"href":"https:\/\/mto-gmbh.com\/Neu\/index.php\/wp-json\/wp\/v2\/pages\/915\/revisions\/922"}],"wp:attachment":[{"href":"https:\/\/mto-gmbh.com\/Neu\/index.php\/wp-json\/wp\/v2\/media?parent=915"}],"curies":[{"name":"wp","href":"https:\/\/api.w.org\/{rel}","templated":true}]}}