{"id":793,"date":"2022-07-07T11:15:00","date_gmt":"2022-07-07T09:15:00","guid":{"rendered":"https:\/\/mto-gmbh.com\/Neu\/?page_id=793"},"modified":"2025-03-19T13:17:23","modified_gmt":"2025-03-19T12:17:23","slug":"passivieren-phosphatieren","status":"publish","type":"page","link":"https:\/\/mto-gmbh.com\/Neu\/index.php\/passivieren-phosphatieren\/","title":{"rendered":"PASSIVIEREN &#038; PHOSPHATIEREN"},"content":{"rendered":"<div id=\"cs-content\" class=\"cs-content\"  >\n<div class=\"e793-1 x-section\" >\n      \n<div class=\"e793-2 x-row x-container max width\" >\n    <div class=\"x-row-inner\">\n<div class=\"e793-3 x-col\" >\n    \n<div class=\"e793-4 x-text x-text-headline\" >\n  <div class=\"x-text-content\"><div class=\"x-text-content-text\"><h1 class=\"x-text-content-text-primary\">PASSIVIEREN &#038; PHOSPHATIEREN<\/h1><\/div><\/div><\/div>\n  <\/div>\n<\/div>\n  <\/div>\n\n<div class=\"e793-5 x-row x-container max width\" >\n    <div class=\"x-row-inner\">\n<div class=\"e793-6 x-col\" >\n    \n<span class=\"e793-7 x-image\" >\n  <img src=\"https:\/\/mto-gmbh.com\/Neu\/wp-content\/uploads\/2022\/03\/PASSIEVIEREN_PHOSPHATIEREN.png\" width=\"590.5\" height=\"295.5\" alt=\"Image\" loading=\"lazy\" >\n<\/span>\n  <\/div>\n<\/div>\n  <\/div>\n\n<div class=\"e793-8 x-row x-container max width\" >\n    <div class=\"x-row-inner\">\n<div class=\"e793-9 x-col\" >\n    <div class=\"x-text\"  ><p>Die Verwendung von Aluminium in allen Bereichen der Industrie, vor allem aber in der Automobilbranche, nimmt rasant zu. Mit dem Aufkommen der Elektromobilit\u00e4t werden neue Aluminiumkomponenten hergestellt und in Batteriegeh\u00e4use, K\u00fchler usw. eingebaut.<\/p>\n<p>Da die meisten dieser Aluminiumkomponenten vor ihrer Integration lackiert, gepulvert, geschwei\u00dft und geklebt werden m\u00fcssen, m\u00fcssen die Anforderungen an den Korrosionsschutz und die Montagef\u00e4higkeit dieser Komponenten ber\u00fccksichtigt werden.<\/p>\n<p>Die Titan-Passivierung ist die Antwort auf dieses Problem!<br \/>\nPassivierung ist der Prozess, bei dem Metall mit S\u00e4uren behandelt wird, um beispielsweise freies Eisen von der Metalloberfl\u00e4che zu entfernen und mit einem Korrosionsschutz zu beschichten.<\/p>\n<\/div>  <\/div>\n\n<div class=\"e793-11 x-col\" >\n    <div  class=\"x-video player hide-controls autoplay loop muted\" data-x-element=\"x_mejs\" data-x-params=\"{&quot;poster&quot;:&quot;&quot;}\"  ><div class=\"x-video-inner video\/mp4 \"><video class=\"x-mejs has-stack-styles advanced-controls\" preload=\"none\" autoplay loop muted><source src=\"https:\/\/mto-gmbh.com\/Neu\/wp-content\/uploads\/2022\/07\/Passivierung3-1.mp4\" type=\"video\/mp4\"><\/video><\/div><\/div>  <\/div>\n<\/div>\n  <\/div>\n\n<div class=\"e793-13 x-row x-container max width\" >\n    <div class=\"x-row-inner\">\n<div class=\"e793-14 x-col\" >\n    <div class=\"x-text\"  ><p>Die Passivierung erm\u00f6glicht:<br \/>\n\u2022\teine bessere Haftung f\u00fcr Farben und Klebstoffe,<br \/>\n\u2022\teine bessere Leitf\u00e4higkeit,<br \/>\n\u2022\teine Verbesserung des Korrosionsschutzverhaltens.<br \/>\nDa wir in der Durchf\u00fchrung verschiedener Verfahren zur Oberfl\u00e4chenbehandlung von Metallen erfahren und kompetent sind, k\u00f6nnen Sie sich vertrauensvoll an das spezialisierte Team von MTO wenden. Neben Titan-Passivierung f\u00fchren wir auch Phosphatierung durch.<\/p>\n<\/div>  <\/div>\n\n<div class=\"e793-16 x-col\" >\n    \n<span class=\"e793-17 x-image\" >\n  <img src=\"https:\/\/mto-gmbh.com\/Neu\/wp-content\/uploads\/2022\/05\/Passivierung-2.png\" width=\"1173\" height=\"700\" alt=\"Image\" loading=\"lazy\" >\n<\/span>\n  <\/div>\n<\/div>\n  <\/div>\n\n<div class=\"e793-18 x-row x-container max width\" >\n    <div class=\"x-row-inner\">\n<div class=\"e793-19 x-col\" >\n    \n<div class=\"e793-20 x-text x-text-headline\" >\n  <div class=\"x-text-content\"><div class=\"x-text-content-text\"><h1 class=\"x-text-content-text-primary\"><strong><span lang=\"DE\">PHOSPHATIEREN<\/span><\/strong><\/h1><\/div><\/div><\/div>\n  <\/div>\n<\/div>\n  <\/div>\n\n<div class=\"e793-21 x-row x-container max width\" >\n    <div class=\"x-row-inner\">\n<div class=\"e793-22 x-col\" >\n    <div class=\"x-text\"  ><p>Die Phosphatierung eines Metalls ist ein chemisches Konversionsverfahren, bei dem eine Schicht aus Metallphosphat auf dem zu behandelnden Metall gebildet wird. Dieser Schutzfilm verbessert die Korrosionsbest\u00e4ndigkeit. Es ist auch das Verfahren, was vor dem Auftragen einer Farbe verwendet wird.<br \/>\nDas Verfahren das Phosphatieren von Metall erm\u00f6glicht:<br \/>\n- Vorbereitung auf Beschichtungen<br \/>\n- Widerstand gegen Korrosion<br \/>\n- Verbesserung der Reibung unter geschmierter Behandlung.<br \/>\n- Anwendung bei der Kaltverformung<\/p>\n<\/div>  <\/div>\n<\/div>\n  <\/div>\n    <\/div>\n\n<div class=\"e793-24 x-section\" >\n      \n<div class=\"e793-25 x-row\" >\n    <div class=\"x-row-inner\">\n<div class=\"e793-26 x-col\" >\n    <h3  class=\"h-custom-headline cs-ta-center h4\" style=\"color: hsl(0, 0%, 100%);\"><span>Sie haben Interesse an einem Angebot?<\/span><\/h3>\n<a class=\"e793-28 x-anchor x-anchor-button\" tabindex=\"0\" href=\"http:\/\/mto-gmbh.com\/Neu\/index.php\/kontakt\/\" >\n\n  \n    <div class=\"x-anchor-content\">\n            <div class=\"x-anchor-text\"><span class=\"x-anchor-text-primary\" >Fragen Sie uns an<\/span><\/div>          <\/div>\n\n        \n  \n<\/a>\n  <\/div>\n<\/div>\n  <\/div>\n    <\/div>\n\n<div class=\"e793-29 x-section\" >\n      \n<div class=\"e793-30 x-row x-container max width\" >\n    <div class=\"x-row-inner\">\n<div class=\"e793-31 x-col\" >\n    <hr  class=\"x-gap\" style=\"margin: 50px 0 0 0;\">  <\/div>\n<\/div>\n  <\/div>\n    <\/div>\n\n<div class=\"e793-33 x-section\" >\n      \n<div class=\"e793-34 x-row x-container max width\" >\n    <div class=\"x-row-inner\">\n<div class=\"e793-35 x-col\" >\n    <div class=\"x-text cs-ta-center\"  ><p class=\"man\">Wir sind der richtige Partner, wenn es um Restschmutzwerte und Reinheitsnorm nach den Vorschriften und VDA 19 geht.<\/p>\n<\/div>  <\/div>\n<\/div>\n  <\/div>\n\n<div class=\"e793-37 x-row x-container max width\" >\n    <div class=\"x-row-inner\">\n<div class=\"e793-38 x-col\" >\n    \n<span class=\"e793-39 x-image\" >\n  <img src=\"https:\/\/mto-gmbh.com\/Neu\/wp-content\/uploads\/2019\/09\/T\u00dcV-Rheinland_gek\u00fcrzt-150x150.png\" width=\"75\" height=\"75\" alt=\"Wasserhaushaltsgesetz\" loading=\"lazy\" >\n<\/span>\n  <\/div>\n<\/div>\n  <\/div>\n    <\/div>\n<\/div>\n","protected":false},"excerpt":{"rendered":"<p>PASSIVIEREN &#038; PHOSPHATIEREN Die Verwendung von Aluminium in allen Bereichen der Industrie, vor allem aber in der Automobilbranche, nimmt rasant zu. Mit dem Aufkommen der Elektromobilit\u00e4t werden neue Aluminiumkomponenten hergestellt und in Batteriegeh\u00e4use, K\u00fchler usw. eingebaut. Da die meisten dieser Aluminiumkomponenten vor ihrer Integration lackiert, gepulvert, geschwei\u00dft und geklebt werden m\u00fcssen, m\u00fcssen die Anforderungen an den Korrosionsschutz und die Montagef\u00e4higkeit &#8230;<\/p>\n","protected":false},"author":3,"featured_media":0,"parent":0,"menu_order":0,"comment_status":"closed","ping_status":"closed","template":"template-blank-1.php","meta":[],"yoast_head":"<!-- This site is optimized with the Yoast SEO plugin v15.7 - https:\/\/yoast.com\/wordpress\/plugins\/seo\/ -->\n<title>PASSIVIEREN &amp; PHOSPHATIEREN - MTO Oberfl\u00e4chenbehandlung GmbH - industrielle Bauteilereinigung<\/title>\n<meta name=\"robots\" content=\"index, follow, max-snippet:-1, max-image-preview:large, max-video-preview:-1\" \/>\n<link rel=\"canonical\" href=\"https:\/\/mto-gmbh.com\/Neu\/index.php\/passivieren-phosphatieren\/\" \/>\n<meta property=\"og:locale\" content=\"de_DE\" \/>\n<meta property=\"og:type\" content=\"article\" \/>\n<meta property=\"og:title\" content=\"PASSIVIEREN &amp; PHOSPHATIEREN - MTO Oberfl\u00e4chenbehandlung GmbH - industrielle Bauteilereinigung\" \/>\n<meta property=\"og:description\" content=\"PASSIVIEREN &#038; PHOSPHATIEREN Die Verwendung von Aluminium in allen Bereichen der Industrie, vor allem aber in der Automobilbranche, nimmt rasant zu. Mit dem Aufkommen der Elektromobilit\u00e4t werden neue Aluminiumkomponenten hergestellt und in Batteriegeh\u00e4use, K\u00fchler usw. eingebaut. Da die meisten dieser Aluminiumkomponenten vor ihrer Integration lackiert, gepulvert, geschwei\u00dft und geklebt werden m\u00fcssen, m\u00fcssen die Anforderungen an den Korrosionsschutz und die Montagef\u00e4higkeit ...\" \/>\n<meta property=\"og:url\" content=\"https:\/\/mto-gmbh.com\/Neu\/index.php\/passivieren-phosphatieren\/\" \/>\n<meta property=\"og:site_name\" content=\"MTO Oberfl\u00e4chenbehandlung GmbH - industrielle Bauteilereinigung\" \/>\n<meta property=\"article:modified_time\" content=\"2025-03-19T12:17:23+00:00\" \/>\n<meta name=\"twitter:card\" content=\"summary_large_image\" \/>\n<meta name=\"twitter:label1\" content=\"Gesch\u00e4tzte Lesezeit\">\n\t<meta name=\"twitter:data1\" content=\"3 Minuten\">\n<script type=\"application\/ld+json\" class=\"yoast-schema-graph\">{\"@context\":\"https:\/\/schema.org\",\"@graph\":[{\"@type\":\"WebSite\",\"@id\":\"https:\/\/mto-gmbh.com\/Neu\/#website\",\"url\":\"https:\/\/mto-gmbh.com\/Neu\/\",\"name\":\"MTO Oberfl\\u00e4chenbehandlung GmbH - industrielle Bauteilereinigung\",\"description\":\"Ihr Dienstleister f\\u00fcr die Lohnreinigung von industriellen Bauteilen\",\"potentialAction\":[{\"@type\":\"SearchAction\",\"target\":\"https:\/\/mto-gmbh.com\/Neu\/?s={search_term_string}\",\"query-input\":\"required name=search_term_string\"}],\"inLanguage\":\"de-DE\"},{\"@type\":\"WebPage\",\"@id\":\"https:\/\/mto-gmbh.com\/Neu\/index.php\/passivieren-phosphatieren\/#webpage\",\"url\":\"https:\/\/mto-gmbh.com\/Neu\/index.php\/passivieren-phosphatieren\/\",\"name\":\"PASSIVIEREN & PHOSPHATIEREN - MTO Oberfl\\u00e4chenbehandlung GmbH - industrielle Bauteilereinigung\",\"isPartOf\":{\"@id\":\"https:\/\/mto-gmbh.com\/Neu\/#website\"},\"datePublished\":\"2022-07-07T09:15:00+00:00\",\"dateModified\":\"2025-03-19T12:17:23+00:00\",\"inLanguage\":\"de-DE\",\"potentialAction\":[{\"@type\":\"ReadAction\",\"target\":[\"https:\/\/mto-gmbh.com\/Neu\/index.php\/passivieren-phosphatieren\/\"]}]}]}<\/script>\n<!-- \/ Yoast SEO plugin. -->","_links":{"self":[{"href":"https:\/\/mto-gmbh.com\/Neu\/index.php\/wp-json\/wp\/v2\/pages\/793"}],"collection":[{"href":"https:\/\/mto-gmbh.com\/Neu\/index.php\/wp-json\/wp\/v2\/pages"}],"about":[{"href":"https:\/\/mto-gmbh.com\/Neu\/index.php\/wp-json\/wp\/v2\/types\/page"}],"author":[{"embeddable":true,"href":"https:\/\/mto-gmbh.com\/Neu\/index.php\/wp-json\/wp\/v2\/users\/3"}],"replies":[{"embeddable":true,"href":"https:\/\/mto-gmbh.com\/Neu\/index.php\/wp-json\/wp\/v2\/comments?post=793"}],"version-history":[{"count":11,"href":"https:\/\/mto-gmbh.com\/Neu\/index.php\/wp-json\/wp\/v2\/pages\/793\/revisions"}],"predecessor-version":[{"id":963,"href":"https:\/\/mto-gmbh.com\/Neu\/index.php\/wp-json\/wp\/v2\/pages\/793\/revisions\/963"}],"wp:attachment":[{"href":"https:\/\/mto-gmbh.com\/Neu\/index.php\/wp-json\/wp\/v2\/media?parent=793"}],"curies":[{"name":"wp","href":"https:\/\/api.w.org\/{rel}","templated":true}]}}