{"id":789,"date":"2022-07-07T11:02:12","date_gmt":"2022-07-07T09:02:12","guid":{"rendered":"https:\/\/mto-gmbh.com\/Neu\/?page_id=789"},"modified":"2025-03-19T13:18:09","modified_gmt":"2025-03-19T12:18:09","slug":"entgratentrowalisieren","status":"publish","type":"page","link":"https:\/\/mto-gmbh.com\/Neu\/index.php\/leistungen_entwurf\/entgratentrowalisieren\/","title":{"rendered":"ENTGRATEN UND TROWALISIEREN"},"content":{"rendered":"<div id=\"cs-content\" class=\"cs-content\"  >\n<div class=\"e789-1 x-section\" >\n      \n<div class=\"e789-2 x-row x-container max width\" >\n    <div class=\"x-row-inner\">\n<div class=\"e789-3 x-col\" >\n    \n<div class=\"e789-4 x-text x-text-headline\" >\n  <div class=\"x-text-content\"><div class=\"x-text-content-text\"><h1 class=\"x-text-content-text-primary\">ENTGRATEN UND TROWALISIEREN<\/h1><\/div><\/div><\/div>\n  <\/div>\n<\/div>\n  <\/div>\n\n<div class=\"e789-5 x-row x-container max width\" >\n    <div class=\"x-row-inner\">\n<div class=\"e789-6 x-col\" >\n    <div class=\"x-text\"  ><p>Kanten entstehen bei der Herstellung von mechanischen Teilen. Diese k\u00f6nnen dann als Teil des unberechenbaren Risikos im Rahmen des normalen Betriebs eines Endprodukts betrachtet werden und unter bestimmten Umst\u00e4nden ein nicht zu untersch\u00e4tzendes Verletzungsrisiko f\u00fcr Personen darstellen.<br \/>\nDie professionelle Entgratung durch MTO garantiert bearbeitete Werkst\u00fccke mit einwandfreier Oberfl\u00e4che, die sofort einsatzbereit sind. Ob Entgraten oder Trowalisieren\/ Gleitschleifen, MTO bietet als Spezialist und Lohnwaschen-Dienstleister mit kundenspezifischen Werkzeugen die besten L\u00f6sungen, die auf verschiedene Anwendungsbereiche zugeschnitten sind.<\/p>\n<\/div>  <\/div>\n\n<div class=\"e789-8 x-col\" >\n    \n<span class=\"e789-9 x-image\" >\n  <img src=\"https:\/\/mto-gmbh.com\/Neu\/wp-content\/uploads\/2022\/06\/Engratrn.png\" width=\"1181\" height=\"327\" alt=\"Image\" loading=\"lazy\" >\n<\/span>\n  <\/div>\n<\/div>\n  <\/div>\n    <\/div>\n\n<div class=\"e789-10 x-section\" >\n      \n<div class=\"e789-11 x-row x-container max width\" >\n    <div class=\"x-row-inner\">\n<div class=\"e789-12 x-col\" >\n    \n<div class=\"e789-13 x-text\" >\n  <h2><span lang=\"DE\"><span style=\"color: #00ccff;\">Hochdruckentgraten<\/span><b><\/b><\/span><\/h2>\n<p>Das Hochdruckentgraten hat sich im Vergleich zu den herk&ouml;mmlichen mechanischen Methoden als ein sehr effektives Verfahren zum Entgraten von Bauteilen oder Baugruppen etabliert, da es eine schonende Handhabung der Bauteile gew&auml;hrleistet und f&uuml;r eine hohe Reinigungsleistung sorgt. Folgende Vorteile :<\/p>\n<ul>\n<li>Pr&auml;zise Gratentfernung durch starken Wasserstrahl.<\/li>\n<li>Werkst&uuml;ckoberfl&auml;che wird dabei gereinigt. Dank seiner hohen kinetischen Energie entfernt das Wasser nicht nur Grate, sondern auch Sp&auml;ne, Metallstaub, K&uuml;hlmittelr&uuml;ckst&auml;nde oder andere anhaftende Verunreinigungen.<\/li>\n<li>Der Wasserstrahl kann ganz gezielt auf den zu behandelnden Bereich gerichtet werden und erreicht somit auch schwer zug&auml;ngliche Stellen, wie L&ouml;cher oder Kreuzungen. Diese Stellen k&ouml;nnen mit anderen Methoden nicht behandelt werden.<\/li>\n<li>Wirtschaftliches und umweltschonendes Reinigungsverfahren.<\/li>\n<li>Gezielte oder fl&auml;chige F&uuml;hrung des Strahls ist m&ouml;glich, um Flitter bzw. Schuppen, Schwei&szlig;n&auml;hte oder Zunderschichten zu entfernen.<\/li>\n<\/ul><\/div>\n  <\/div>\n\n<div class=\"e789-14 x-col\" >\n    <div  class=\"x-video player hide-controls autoplay\" data-x-element=\"x_mejs\" data-x-params=\"{&quot;poster&quot;:&quot;&quot;}\"  ><div class=\"x-video-inner video\/mp4 \"><video class=\"x-mejs has-stack-styles\" preload=\"none\" autoplay><source src=\"https:\/\/mto-gmbh.com\/Neu\/wp-content\/uploads\/2022\/06\/Hochdruckengraten.mp4_standard-1.mp4\" type=\"video\/mp4\"><\/video><\/div><\/div>  <\/div>\n\n<div class=\"e789-16 x-col\" >\n    <hr  class=\"x-gap\" style=\"margin: 50px 0 0 0;\">  <\/div>\n<\/div>\n  <\/div>\n\n<div class=\"e789-18 x-row x-container max width\" >\n    <div class=\"x-row-inner\">\n<div class=\"e789-19 x-col\" >\n    <div  class=\"x-video player hide-controls autoplay\" data-x-element=\"x_mejs\" data-x-params=\"{&quot;poster&quot;:&quot;&quot;}\"  ><div class=\"x-video-inner video\/mp4 \"><video class=\"x-mejs has-stack-styles\" preload=\"none\" autoplay><source src=\"https:\/\/mto-gmbh.com\/Neu\/wp-content\/uploads\/2022\/06\/Buerstengraten2.mp4\" type=\"video\/mp4\"><\/video><\/div><\/div>  <\/div>\n\n<div class=\"e789-21 x-col\" >\n    \n<div class=\"e789-22 x-text\" >\n  <h2><span style=\"color: #00ccff;\">B&uuml;rstentgraten<\/span><\/h2>\n<p>Die kosteng&uuml;nstige L&ouml;sung als Entgratungsmethode bietet das B&uuml;rstengraten. Ihre Vorteile sind<\/p>\n<ul>\n<li>Sehr rentabel<\/li>\n<li>F&uuml;r Kleinserien bis hin zu Gro&szlig;serien sind B&uuml;rsten als professionelle Werkzeuge erh&auml;ltlich<\/li>\n<li>Effizienter Einsatz<\/li>\n<li>Lange Lebensdauer<\/li>\n<li>Sauberes, chemiefreies und umweltfreundliches Verfahren<\/li>\n<li>Hohe Abtragsleistung<\/li>\n<li>kantenverrundung<\/li>\n<\/ul><\/div>\n  <\/div>\n<\/div>\n  <\/div>\n    <\/div>\n\n<div class=\"e789-23 x-section\" >\n      \n<div class=\"e789-24 x-row\" >\n    <div class=\"x-row-inner\">\n<div class=\"e789-25 x-col\" >\n    <h3  class=\"h-custom-headline cs-ta-center h4\" style=\"color: hsl(0, 0%, 100%);\"><span>Sie haben Interesse an einem Angebot?<\/span><\/h3>\n<a class=\"e789-27 x-anchor x-anchor-button\" tabindex=\"0\" href=\"http:\/\/mto-gmbh.com\/Neu\/index.php\/kontakt\/\" >\n\n  \n    <div class=\"x-anchor-content\">\n            <div class=\"x-anchor-text\"><span class=\"x-anchor-text-primary\" >Fragen Sie uns an<\/span><\/div>          <\/div>\n\n        \n  \n<\/a>\n  <\/div>\n<\/div>\n  <\/div>\n    <\/div>\n\n<div class=\"e789-28 x-section\" >\n      \n<div class=\"e789-29 x-row x-container max width\" >\n    <div class=\"x-row-inner\">\n<div class=\"e789-30 x-col\" >\n    <hr  class=\"x-gap\" style=\"margin: 50px 0 0 0;\">  <\/div>\n<\/div>\n  <\/div>\n    <\/div>\n\n<div class=\"e789-32 x-section\" >\n      \n<div class=\"e789-33 x-row x-container max width\" >\n    <div class=\"x-row-inner\">\n<div class=\"e789-34 x-col\" >\n    <div class=\"x-text cs-ta-center\"  ><p class=\"man\">Wir sind der richtige Partner, wenn es um Restschmutzwerte und Reinheitsnorm nach den Vorschriften und VDA 19 geht. <\/p>\n<\/div>  <\/div>\n<\/div>\n  <\/div>\n\n<div class=\"e789-36 x-row x-container max width\" >\n    <div class=\"x-row-inner\">\n<div class=\"e789-37 x-col\" >\n    \n<span class=\"e789-38 x-image\" >\n  <img src=\"https:\/\/mto-gmbh.com\/Neu\/wp-content\/uploads\/2019\/09\/T\u00dcV-Rheinland_gek\u00fcrzt-150x150.png\" width=\"75\" height=\"75\" alt=\"Wasserhaushaltsgesetz\" loading=\"lazy\" >\n<\/span>\n  <\/div>\n<\/div>\n  <\/div>\n    <\/div>\n<\/div>\n","protected":false},"excerpt":{"rendered":"<p>ENTGRATEN UND TROWALISIEREN Kanten entstehen bei der Herstellung von mechanischen Teilen. Diese k\u00f6nnen dann als Teil des unberechenbaren Risikos im Rahmen des normalen Betriebs eines Endprodukts betrachtet werden und unter bestimmten Umst\u00e4nden ein nicht zu untersch\u00e4tzendes Verletzungsrisiko f\u00fcr Personen darstellen. Die professionelle Entgratung durch MTO garantiert bearbeitete Werkst\u00fccke mit einwandfreier Oberfl\u00e4che, die sofort einsatzbereit sind. Ob Entgraten oder Trowalisieren\/ Gleitschleifen, &#8230;<\/p>\n","protected":false},"author":3,"featured_media":0,"parent":619,"menu_order":0,"comment_status":"closed","ping_status":"closed","template":"template-blank-1.php","meta":[],"yoast_head":"<!-- This site is optimized with the Yoast SEO plugin v15.7 - https:\/\/yoast.com\/wordpress\/plugins\/seo\/ -->\n<title>ENTGRATEN UND TROWALISIEREN - MTO Oberfl\u00e4chenbehandlung GmbH - industrielle Bauteilereinigung<\/title>\n<meta name=\"robots\" content=\"index, follow, max-snippet:-1, max-image-preview:large, max-video-preview:-1\" \/>\n<link rel=\"canonical\" href=\"https:\/\/mto-gmbh.com\/Neu\/index.php\/leistungen_entwurf\/entgratentrowalisieren\/\" \/>\n<meta property=\"og:locale\" content=\"de_DE\" \/>\n<meta property=\"og:type\" content=\"article\" \/>\n<meta property=\"og:title\" content=\"ENTGRATEN UND TROWALISIEREN - MTO Oberfl\u00e4chenbehandlung GmbH - industrielle Bauteilereinigung\" \/>\n<meta property=\"og:description\" content=\"ENTGRATEN UND TROWALISIEREN Kanten entstehen bei der Herstellung von mechanischen Teilen. Diese k\u00f6nnen dann als Teil des unberechenbaren Risikos im Rahmen des normalen Betriebs eines Endprodukts betrachtet werden und unter bestimmten Umst\u00e4nden ein nicht zu untersch\u00e4tzendes Verletzungsrisiko f\u00fcr Personen darstellen. Die professionelle Entgratung durch MTO garantiert bearbeitete Werkst\u00fccke mit einwandfreier Oberfl\u00e4che, die sofort einsatzbereit sind. Ob Entgraten oder Trowalisieren\/ Gleitschleifen, ...\" \/>\n<meta property=\"og:url\" content=\"https:\/\/mto-gmbh.com\/Neu\/index.php\/leistungen_entwurf\/entgratentrowalisieren\/\" \/>\n<meta property=\"og:site_name\" content=\"MTO Oberfl\u00e4chenbehandlung GmbH - industrielle Bauteilereinigung\" \/>\n<meta property=\"article:modified_time\" content=\"2025-03-19T12:18:09+00:00\" \/>\n<meta name=\"twitter:card\" content=\"summary_large_image\" \/>\n<meta name=\"twitter:label1\" content=\"Gesch\u00e4tzte Lesezeit\">\n\t<meta name=\"twitter:data1\" content=\"4 Minuten\">\n<script type=\"application\/ld+json\" class=\"yoast-schema-graph\">{\"@context\":\"https:\/\/schema.org\",\"@graph\":[{\"@type\":\"WebSite\",\"@id\":\"https:\/\/mto-gmbh.com\/Neu\/#website\",\"url\":\"https:\/\/mto-gmbh.com\/Neu\/\",\"name\":\"MTO Oberfl\\u00e4chenbehandlung GmbH - industrielle Bauteilereinigung\",\"description\":\"Ihr Dienstleister f\\u00fcr die Lohnreinigung von industriellen Bauteilen\",\"potentialAction\":[{\"@type\":\"SearchAction\",\"target\":\"https:\/\/mto-gmbh.com\/Neu\/?s={search_term_string}\",\"query-input\":\"required name=search_term_string\"}],\"inLanguage\":\"de-DE\"},{\"@type\":\"WebPage\",\"@id\":\"https:\/\/mto-gmbh.com\/Neu\/index.php\/leistungen_entwurf\/entgratentrowalisieren\/#webpage\",\"url\":\"https:\/\/mto-gmbh.com\/Neu\/index.php\/leistungen_entwurf\/entgratentrowalisieren\/\",\"name\":\"ENTGRATEN UND TROWALISIEREN - MTO Oberfl\\u00e4chenbehandlung GmbH - industrielle Bauteilereinigung\",\"isPartOf\":{\"@id\":\"https:\/\/mto-gmbh.com\/Neu\/#website\"},\"datePublished\":\"2022-07-07T09:02:12+00:00\",\"dateModified\":\"2025-03-19T12:18:09+00:00\",\"inLanguage\":\"de-DE\",\"potentialAction\":[{\"@type\":\"ReadAction\",\"target\":[\"https:\/\/mto-gmbh.com\/Neu\/index.php\/leistungen_entwurf\/entgratentrowalisieren\/\"]}]}]}<\/script>\n<!-- \/ Yoast SEO plugin. -->","_links":{"self":[{"href":"https:\/\/mto-gmbh.com\/Neu\/index.php\/wp-json\/wp\/v2\/pages\/789"}],"collection":[{"href":"https:\/\/mto-gmbh.com\/Neu\/index.php\/wp-json\/wp\/v2\/pages"}],"about":[{"href":"https:\/\/mto-gmbh.com\/Neu\/index.php\/wp-json\/wp\/v2\/types\/page"}],"author":[{"embeddable":true,"href":"https:\/\/mto-gmbh.com\/Neu\/index.php\/wp-json\/wp\/v2\/users\/3"}],"replies":[{"embeddable":true,"href":"https:\/\/mto-gmbh.com\/Neu\/index.php\/wp-json\/wp\/v2\/comments?post=789"}],"version-history":[{"count":11,"href":"https:\/\/mto-gmbh.com\/Neu\/index.php\/wp-json\/wp\/v2\/pages\/789\/revisions"}],"predecessor-version":[{"id":964,"href":"https:\/\/mto-gmbh.com\/Neu\/index.php\/wp-json\/wp\/v2\/pages\/789\/revisions\/964"}],"up":[{"embeddable":true,"href":"https:\/\/mto-gmbh.com\/Neu\/index.php\/wp-json\/wp\/v2\/pages\/619"}],"wp:attachment":[{"href":"https:\/\/mto-gmbh.com\/Neu\/index.php\/wp-json\/wp\/v2\/media?parent=789"}],"curies":[{"name":"wp","href":"https:\/\/api.w.org\/{rel}","templated":true}]}}