{"id":749,"date":"2022-07-07T10:59:11","date_gmt":"2022-07-07T08:59:11","guid":{"rendered":"https:\/\/mto-gmbh.com\/Neu\/?page_id=749"},"modified":"2025-03-19T13:05:03","modified_gmt":"2025-03-19T12:05:03","slug":"entroesten","status":"publish","type":"page","link":"https:\/\/mto-gmbh.com\/Neu\/index.php\/entroesten\/","title":{"rendered":"ENTROSTEN"},"content":{"rendered":"<div id=\"cs-content\" class=\"cs-content\"  >\n<div class=\"e749-1 x-section\" >\n      \n<div class=\"e749-2 x-row x-container max width\" >\n    <div class=\"x-row-inner\">\n<div class=\"e749-3 x-col\" >\n    \n<div class=\"e749-4 x-text x-text-headline\" >\n  <div class=\"x-text-content\"><div class=\"x-text-content-text\"><h1 class=\"x-text-content-text-primary\">ENTROSTEN<\/h1><\/div><\/div><\/div>\n  <\/div>\n<\/div>\n  <\/div>\n\n<div class=\"e749-5 x-row x-container max width\" >\n    <div class=\"x-row-inner\">\n<div class=\"e749-6 x-col\" >\n    \n<span class=\"e749-7 x-image\" >\n  <img src=\"https:\/\/mto-gmbh.com\/Neu\/wp-content\/uploads\/2022\/05\/Entroesten.png\" width=\"1000\" height=\"388\" alt=\"Image\" loading=\"lazy\" >\n<\/span>\n  <\/div>\n<\/div>\n  <\/div>\n\n<div class=\"e749-8 x-row x-container max width\" >\n    <div class=\"x-row-inner\">\n<div class=\"e749-9 x-col\" >\n    <div class=\"x-text\"  ><p>Einer der gr\u00f6\u00dften Feinde von industriellen Bauteilen ist Rost, den man auf verschiedenen Materialien finden kann. Rost macht die Materialien, auf denen er sich absetzt, br\u00fcchig. Um die optimale Funktion des Teils zu gew\u00e4hrleisten, ist eine gute Vorbehandlung unerl\u00e4sslich. Durch Entrosten wird die Haltbarkeit des Werkst\u00fccks deutlich erh\u00f6ht.<br \/>\nWir bei MTO entrosten Ihre Bauteile nach Normvorgaben. Werkst\u00fccke mit unerw\u00fcnschten Rostablagerungen werden gr\u00fcndlich gereinigt und von Oxidation, Rost und Zunder befreit. Die Oberfl\u00e4che wird auch an schwer zug\u00e4nglichen Stellen, wie z. B. in Rillen oder Vertiefungen, sorgf\u00e4ltig behandeln.<br \/>\nWir werden die Ursachen des Rosts untersuchen und identifizieren, um den optimalen Prozess f\u00fcr Ihre spezifischen Probleme vorzuschlagen.<br \/>\nZ\u00f6gern Sie nicht l\u00e4nger und kontaktieren Sie uns!<\/p>\n<\/div>  <\/div>\n\n<div class=\"e749-11 x-col\" >\n    <div  class=\"x-video player hide-controls autoplay muted with-container\" data-x-element=\"x_mejs\" data-x-params=\"{&quot;poster&quot;:&quot;&quot;}\"  ><div class=\"x-video-inner video\/mp4 \"><video class=\"x-mejs has-stack-styles\" preload=\"auto\" autoplay muted><source src=\"https:\/\/mto-gmbh.com\/Neu\/wp-content\/uploads\/2022\/05\/Entrosten_3.mp4\" type=\"video\/mp4\"><\/video><\/div><\/div>  <\/div>\n<\/div>\n  <\/div>\n    <\/div>\n\n<div class=\"e749-13 x-section\" >\n      \n<div class=\"e749-14 x-row\" >\n    <div class=\"x-row-inner\">\n<div class=\"e749-15 x-col\" >\n    <h3  class=\"h-custom-headline cs-ta-center h4\" style=\"color: hsl(0, 0%, 100%);\"><span>Sie haben Interesse an einem Angebot?<\/span><\/h3>\n<a class=\"e749-17 x-anchor x-anchor-button\" tabindex=\"0\" href=\"http:\/\/mto-gmbh.com\/Neu\/index.php\/kontakt\/\" >\n\n  \n    <div class=\"x-anchor-content\">\n            <div class=\"x-anchor-text\"><span class=\"x-anchor-text-primary\" >Fragen Sie uns an<\/span><\/div>          <\/div>\n\n        \n  \n<\/a>\n  <\/div>\n<\/div>\n  <\/div>\n    <\/div>\n\n<div class=\"e749-18 x-section\" >\n      \n<div class=\"e749-19 x-row x-container max width\" >\n    <div class=\"x-row-inner\">\n<div class=\"e749-20 x-col\" >\n    <hr  class=\"x-gap\" style=\"margin: 50px 0 0 0;\">  <\/div>\n<\/div>\n  <\/div>\n    <\/div>\n\n<div class=\"e749-22 x-section\" >\n      \n<div class=\"e749-23 x-row x-container max width\" >\n    <div class=\"x-row-inner\">\n<div class=\"e749-24 x-col\" >\n    <div class=\"x-text cs-ta-center\"  ><p class=\"man\">Wir sind der richtige Partner, wenn es um Restschmutzwerte und Reinheitsnorm nach den Vorschriften und VDA 19 geht.<\/p>\n<\/div>  <\/div>\n<\/div>\n  <\/div>\n\n<div class=\"e749-26 x-row x-container max width\" >\n    <div class=\"x-row-inner\">\n<div class=\"e749-27 x-col\" >\n    \n<span class=\"e749-28 x-image\" >\n  <img src=\"https:\/\/mto-gmbh.com\/Neu\/wp-content\/uploads\/2019\/09\/T\u00dcV-Rheinland_gek\u00fcrzt-150x150.png\" width=\"75\" height=\"75\" alt=\"Wasserhaushaltsgesetz\" loading=\"lazy\" >\n<\/span>\n  <\/div>\n<\/div>\n  <\/div>\n    <\/div>\n<\/div>\n","protected":false},"excerpt":{"rendered":"<p>ENTROSTEN Einer der gr\u00f6\u00dften Feinde von industriellen Bauteilen ist Rost, den man auf verschiedenen Materialien finden kann. Rost macht die Materialien, auf denen er sich absetzt, br\u00fcchig. Um die optimale Funktion des Teils zu gew\u00e4hrleisten, ist eine gute Vorbehandlung unerl\u00e4sslich. Durch Entrosten wird die Haltbarkeit des Werkst\u00fccks deutlich erh\u00f6ht. Wir bei MTO entrosten Ihre Bauteile nach Normvorgaben. Werkst\u00fccke mit unerw\u00fcnschten &#8230;<\/p>\n","protected":false},"author":3,"featured_media":0,"parent":0,"menu_order":0,"comment_status":"closed","ping_status":"closed","template":"template-blank-1.php","meta":[],"yoast_head":"<!-- This site is optimized with the Yoast SEO plugin v15.7 - https:\/\/yoast.com\/wordpress\/plugins\/seo\/ -->\n<title>ENTROSTEN - MTO Oberfl\u00e4chenbehandlung GmbH - industrielle Bauteilereinigung<\/title>\n<meta name=\"robots\" content=\"index, follow, max-snippet:-1, max-image-preview:large, max-video-preview:-1\" \/>\n<link rel=\"canonical\" href=\"https:\/\/mto-gmbh.com\/Neu\/index.php\/entroesten\/\" \/>\n<meta property=\"og:locale\" content=\"de_DE\" \/>\n<meta property=\"og:type\" content=\"article\" \/>\n<meta property=\"og:title\" content=\"ENTROSTEN - MTO Oberfl\u00e4chenbehandlung GmbH - industrielle Bauteilereinigung\" \/>\n<meta property=\"og:description\" content=\"ENTROSTEN Einer der gr\u00f6\u00dften Feinde von industriellen Bauteilen ist Rost, den man auf verschiedenen Materialien finden kann. Rost macht die Materialien, auf denen er sich absetzt, br\u00fcchig. Um die optimale Funktion des Teils zu gew\u00e4hrleisten, ist eine gute Vorbehandlung unerl\u00e4sslich. Durch Entrosten wird die Haltbarkeit des Werkst\u00fccks deutlich erh\u00f6ht. Wir bei MTO entrosten Ihre Bauteile nach Normvorgaben. Werkst\u00fccke mit unerw\u00fcnschten ...\" \/>\n<meta property=\"og:url\" content=\"https:\/\/mto-gmbh.com\/Neu\/index.php\/entroesten\/\" \/>\n<meta property=\"og:site_name\" content=\"MTO Oberfl\u00e4chenbehandlung GmbH - industrielle Bauteilereinigung\" \/>\n<meta property=\"article:modified_time\" content=\"2025-03-19T12:05:03+00:00\" \/>\n<meta name=\"twitter:card\" content=\"summary_large_image\" \/>\n<meta name=\"twitter:label1\" content=\"Gesch\u00e4tzte Lesezeit\">\n\t<meta name=\"twitter:data1\" content=\"2 Minuten\">\n<script type=\"application\/ld+json\" class=\"yoast-schema-graph\">{\"@context\":\"https:\/\/schema.org\",\"@graph\":[{\"@type\":\"WebSite\",\"@id\":\"https:\/\/mto-gmbh.com\/Neu\/#website\",\"url\":\"https:\/\/mto-gmbh.com\/Neu\/\",\"name\":\"MTO Oberfl\\u00e4chenbehandlung GmbH - industrielle Bauteilereinigung\",\"description\":\"Ihr Dienstleister f\\u00fcr die Lohnreinigung von industriellen Bauteilen\",\"potentialAction\":[{\"@type\":\"SearchAction\",\"target\":\"https:\/\/mto-gmbh.com\/Neu\/?s={search_term_string}\",\"query-input\":\"required name=search_term_string\"}],\"inLanguage\":\"de-DE\"},{\"@type\":\"WebPage\",\"@id\":\"https:\/\/mto-gmbh.com\/Neu\/index.php\/entroesten\/#webpage\",\"url\":\"https:\/\/mto-gmbh.com\/Neu\/index.php\/entroesten\/\",\"name\":\"ENTROSTEN - MTO Oberfl\\u00e4chenbehandlung GmbH - industrielle Bauteilereinigung\",\"isPartOf\":{\"@id\":\"https:\/\/mto-gmbh.com\/Neu\/#website\"},\"datePublished\":\"2022-07-07T08:59:11+00:00\",\"dateModified\":\"2025-03-19T12:05:03+00:00\",\"inLanguage\":\"de-DE\",\"potentialAction\":[{\"@type\":\"ReadAction\",\"target\":[\"https:\/\/mto-gmbh.com\/Neu\/index.php\/entroesten\/\"]}]}]}<\/script>\n<!-- \/ Yoast SEO plugin. -->","_links":{"self":[{"href":"https:\/\/mto-gmbh.com\/Neu\/index.php\/wp-json\/wp\/v2\/pages\/749"}],"collection":[{"href":"https:\/\/mto-gmbh.com\/Neu\/index.php\/wp-json\/wp\/v2\/pages"}],"about":[{"href":"https:\/\/mto-gmbh.com\/Neu\/index.php\/wp-json\/wp\/v2\/types\/page"}],"author":[{"embeddable":true,"href":"https:\/\/mto-gmbh.com\/Neu\/index.php\/wp-json\/wp\/v2\/users\/3"}],"replies":[{"embeddable":true,"href":"https:\/\/mto-gmbh.com\/Neu\/index.php\/wp-json\/wp\/v2\/comments?post=749"}],"version-history":[{"count":21,"href":"https:\/\/mto-gmbh.com\/Neu\/index.php\/wp-json\/wp\/v2\/pages\/749\/revisions"}],"predecessor-version":[{"id":962,"href":"https:\/\/mto-gmbh.com\/Neu\/index.php\/wp-json\/wp\/v2\/pages\/749\/revisions\/962"}],"wp:attachment":[{"href":"https:\/\/mto-gmbh.com\/Neu\/index.php\/wp-json\/wp\/v2\/media?parent=749"}],"curies":[{"name":"wp","href":"https:\/\/api.w.org\/{rel}","templated":true}]}}