{"id":248,"date":"2019-10-09T11:19:04","date_gmt":"2019-10-09T09:19:04","guid":{"rendered":"http:\/\/mto-gmbh.com\/Neu\/?page_id=248"},"modified":"2022-12-05T12:49:18","modified_gmt":"2022-12-05T11:49:18","slug":"impressum","status":"publish","type":"page","link":"https:\/\/mto-gmbh.com\/Neu\/index.php\/impressum\/","title":{"rendered":"Impressum"},"content":{"rendered":"<div id=\"cs-content\" class=\"cs-content\"  >\n<div class=\"e248-1 x-section\" >\n      \n<div class=\"e248-2 x-row x-container max width\" >\n    <div class=\"x-row-inner\">\n<div class=\"e248-3 x-col\" >\n    <h2  class=\"h-custom-headline h3\" ><span>Impressum<\/span><\/h2><div class=\"x-text\"  ><p>Angaben gem\u00e4\u00df \u00a7 5 TMG:<\/p>\n<p><strong>MTO Oberfl\u00e4chenbehandlungs GmbH<\/strong> <br \/>\nHammerwiese 4 <br \/>\n51647 Gummersbach-Becke \/ Germany<\/p>\n<p><strong>Vertreten durch:<\/strong> <br \/>\nGolo Mei\u00dfner <\/p>\n<p>Gesch\u00e4ftsf\u00fchrer<\/p>\n<\/div><div class=\"x-text\"  ><p><strong>Kontakt:<br \/>\n<\/strong>Telefon +49 (0) 2261 549 220 - 0 <br \/>\nTelefax +49 (0) 2261 549 220 - 65 <\/p>\n<\/div>\n<a class=\"e248-7 x-anchor x-anchor-button\" tabindex=\"0\" href=\"https:\/\/mto-gmbh.com\/Neu\/\" target=\"_blank\" >\n\n  \n    <div class=\"x-anchor-content\">\n            <div class=\"x-anchor-text\"><span class=\"x-anchor-text-primary\" >Internet: https:\/\/mto-gmbh.com\/Neu\/<\/span><\/div>          <\/div>\n\n        \n  \n<\/a>\n\n<hr class=\"e248-8 x-line\" >\n\n<a class=\"e248-9 x-anchor x-anchor-button\" tabindex=\"0\" href=\"mailto:mto@mtm-gmbh.com\" target=\"_blank\" >\n\n  \n    <div class=\"x-anchor-content\">\n            <div class=\"x-anchor-text\"><span class=\"x-anchor-text-primary\" >E-Mail: mto@mtm-gmbh.com<\/span><\/div>          <\/div>\n\n        \n  \n<\/a>\n\n<hr class=\"e248-10 x-line\" >\n<div class=\"x-text\"  ><p><strong>Registereintrag:<\/strong> <br \/>\nEintragung im Handelsregister. <br \/>\nRegistergericht: Amtsgericht K\u00f6ln <br \/>\nRegisternummer: HRB80035<\/p>\n<p><strong>Umsatzsteuer-ID:<\/strong> <br \/>\nUmsatzsteuer-Identifikationsnummer gem\u00e4\u00df \u00a727 a Umsatzsteuergesetz: <br \/>\nDE 291113170<\/p><\/p>\n<\/div>  <\/div>\n<\/div>\n  <\/div>\n    <\/div>\n<\/div>\n","protected":false},"excerpt":{"rendered":"<p>ImpressumAngaben gem\u00e4\u00df \u00a7 5 TMG: MTO Oberfl\u00e4chenbehandlungs GmbH Hammerwiese 4 51647 Gummersbach-Becke \/ Germany Vertreten durch: Golo Mei\u00dfner Gesch\u00e4ftsf\u00fchrer Kontakt: Telefon +49 (0) 2261 549 220 &#8211; 0 Telefax +49 (0) 2261 549 220 &#8211; 65 Internet: https:\/\/mto-gmbh.com\/Neu\/ E-Mail: mto@mtm-gmbh.com Registereintrag: Eintragung im Handelsregister. Registergericht: Amtsgericht K\u00f6ln Registernummer: HRB80035 Umsatzsteuer-ID: Umsatzsteuer-Identifikationsnummer gem\u00e4\u00df \u00a727 a Umsatzsteuergesetz: DE 291113170<\/p>\n","protected":false},"author":2,"featured_media":0,"parent":0,"menu_order":0,"comment_status":"closed","ping_status":"closed","template":"template-blank-3.php","meta":[],"yoast_head":"<!-- This site is optimized with the Yoast SEO plugin v15.7 - https:\/\/yoast.com\/wordpress\/plugins\/seo\/ -->\n<title>Impressum - MTO Oberfl\u00e4chenbehandlung GmbH - industrielle Bauteilereinigung<\/title>\n<meta name=\"robots\" content=\"index, follow, max-snippet:-1, max-image-preview:large, max-video-preview:-1\" \/>\n<link rel=\"canonical\" href=\"https:\/\/mto-gmbh.com\/Neu\/index.php\/impressum\/\" \/>\n<meta property=\"og:locale\" content=\"de_DE\" \/>\n<meta property=\"og:type\" content=\"article\" \/>\n<meta property=\"og:title\" content=\"Impressum - MTO Oberfl\u00e4chenbehandlung GmbH - industrielle Bauteilereinigung\" \/>\n<meta property=\"og:description\" content=\"ImpressumAngaben gem\u00e4\u00df \u00a7 5 TMG: MTO Oberfl\u00e4chenbehandlungs GmbH Hammerwiese 4 51647 Gummersbach-Becke \/ Germany Vertreten durch: Golo Mei\u00dfner Gesch\u00e4ftsf\u00fchrer Kontakt: Telefon +49 (0) 2261 549 220 - 0 Telefax +49 (0) 2261 549 220 - 65 Internet: https:\/\/mto-gmbh.com\/Neu\/ E-Mail: mto@mtm-gmbh.com Registereintrag: Eintragung im Handelsregister. Registergericht: Amtsgericht K\u00f6ln Registernummer: HRB80035 Umsatzsteuer-ID: Umsatzsteuer-Identifikationsnummer gem\u00e4\u00df \u00a727 a Umsatzsteuergesetz: DE 291113170\" \/>\n<meta property=\"og:url\" content=\"https:\/\/mto-gmbh.com\/Neu\/index.php\/impressum\/\" \/>\n<meta property=\"og:site_name\" content=\"MTO Oberfl\u00e4chenbehandlung GmbH - industrielle Bauteilereinigung\" \/>\n<meta property=\"article:modified_time\" content=\"2022-12-05T11:49:18+00:00\" \/>\n<meta name=\"twitter:card\" content=\"summary_large_image\" \/>\n<meta name=\"twitter:label1\" content=\"Gesch\u00e4tzte Lesezeit\">\n\t<meta name=\"twitter:data1\" content=\"1 Minute\">\n<script type=\"application\/ld+json\" class=\"yoast-schema-graph\">{\"@context\":\"https:\/\/schema.org\",\"@graph\":[{\"@type\":\"WebSite\",\"@id\":\"https:\/\/mto-gmbh.com\/Neu\/#website\",\"url\":\"https:\/\/mto-gmbh.com\/Neu\/\",\"name\":\"MTO Oberfl\\u00e4chenbehandlung GmbH - industrielle Bauteilereinigung\",\"description\":\"Ihr Dienstleister f\\u00fcr die Lohnreinigung von industriellen Bauteilen\",\"potentialAction\":[{\"@type\":\"SearchAction\",\"target\":\"https:\/\/mto-gmbh.com\/Neu\/?s={search_term_string}\",\"query-input\":\"required name=search_term_string\"}],\"inLanguage\":\"de-DE\"},{\"@type\":\"WebPage\",\"@id\":\"https:\/\/mto-gmbh.com\/Neu\/index.php\/impressum\/#webpage\",\"url\":\"https:\/\/mto-gmbh.com\/Neu\/index.php\/impressum\/\",\"name\":\"Impressum - MTO Oberfl\\u00e4chenbehandlung GmbH - industrielle Bauteilereinigung\",\"isPartOf\":{\"@id\":\"https:\/\/mto-gmbh.com\/Neu\/#website\"},\"datePublished\":\"2019-10-09T09:19:04+00:00\",\"dateModified\":\"2022-12-05T11:49:18+00:00\",\"inLanguage\":\"de-DE\",\"potentialAction\":[{\"@type\":\"ReadAction\",\"target\":[\"https:\/\/mto-gmbh.com\/Neu\/index.php\/impressum\/\"]}]}]}<\/script>\n<!-- \/ Yoast SEO plugin. -->","_links":{"self":[{"href":"https:\/\/mto-gmbh.com\/Neu\/index.php\/wp-json\/wp\/v2\/pages\/248"}],"collection":[{"href":"https:\/\/mto-gmbh.com\/Neu\/index.php\/wp-json\/wp\/v2\/pages"}],"about":[{"href":"https:\/\/mto-gmbh.com\/Neu\/index.php\/wp-json\/wp\/v2\/types\/page"}],"author":[{"embeddable":true,"href":"https:\/\/mto-gmbh.com\/Neu\/index.php\/wp-json\/wp\/v2\/users\/2"}],"replies":[{"embeddable":true,"href":"https:\/\/mto-gmbh.com\/Neu\/index.php\/wp-json\/wp\/v2\/comments?post=248"}],"version-history":[{"count":6,"href":"https:\/\/mto-gmbh.com\/Neu\/index.php\/wp-json\/wp\/v2\/pages\/248\/revisions"}],"predecessor-version":[{"id":895,"href":"https:\/\/mto-gmbh.com\/Neu\/index.php\/wp-json\/wp\/v2\/pages\/248\/revisions\/895"}],"wp:attachment":[{"href":"https:\/\/mto-gmbh.com\/Neu\/index.php\/wp-json\/wp\/v2\/media?parent=248"}],"curies":[{"name":"wp","href":"https:\/\/api.w.org\/{rel}","templated":true}]}}