{"id":104,"date":"2019-09-30T11:39:22","date_gmt":"2019-09-30T09:39:22","guid":{"rendered":"http:\/\/mto-gmbh.com\/Neu\/?page_id=104"},"modified":"2022-10-04T13:26:46","modified_gmt":"2022-10-04T11:26:46","slug":"unternehmen","status":"publish","type":"page","link":"https:\/\/mto-gmbh.com\/Neu\/index.php\/unternehmen\/","title":{"rendered":"Unternehmen"},"content":{"rendered":"<div id=\"cs-content\" class=\"cs-content\"  >\n<div class=\"e104-1 x-section\" >\n      \n<div class=\"e104-2 x-container max width\" >\n    \n<div class=\"e104-3 x-column x-sm x-1-1\" >\n    \n<span class=\"e104-4 x-image\" >\n  <img src=\"http:\/\/mto-gmbh.com\/Neu\/wp-content\/uploads\/2019\/10\/Symbole-55-300x300.png\" width=\"150\" height=\"150\" alt=\"Image\" loading=\"lazy\" >\n<\/span>\n<h2  class=\"h-custom-headline cs-ta-center h3\" ><span>\u00dcber uns<\/span><\/h2><\/div>\n<\/div>\n    <\/div>\n\n<div class=\"e104-6 x-section\" >\n      \n<div class=\"e104-7 x-container max width\" >\n    <\/div>\n\n<div class=\"e104-8 x-container max width\" >\n    \n<div class=\"e104-9 x-column x-sm x-1-1\" >\n    \n<div class=\"e104-10 x-text\" >\n  <p>MTO Oberfl&auml;chenbehandlung GmbH ist Ihr professioneller Dienstleister bei der Lohnreinigung von Bauteilen. Unser Maschinenpark besteht &uuml;berwiegend aus High-Tech Waschanlagen, welche auf w&auml;ssriger Basis mit Reinigern betrieben werden, die auf Ihre Produkte und Reinheitsanforderungen abgestimmt sind. Unsere jahrelange Erfahrung in diesem innovationsgetriebenen Markt macht uns zum kompetenten Partner f&uuml;r die Reinigung ihrer Bauteile.<\/p><\/div>\n<\/div>\n<\/div>\n    <\/div>\n\n<div class=\"e104-11 x-section\" >\n      \n<div class=\"e104-12 x-container max width\" >\n    \n<div class=\"e104-13 x-column x-sm x-1-2\" >\n    <h2  class=\"h-custom-headline h4\" ><span>Reinigung als Dienstleistung<\/span><\/h2>\n<div class=\"e104-15 x-text\" >\n  <p>Im Zuge der wachsenden Bedeutung der Bauteilreinigung auch f&uuml;r die Mittelst&auml;ndische Industrie, fokussiert sich MTO auf die industrielle Reinigung als Dienstleistung. So kann flexibel auf Kundenw&uuml;nsche reagiert werden und auch individuelle, komplexe Aufgaben gel&ouml;st werden.<\/p><\/div>\n\n<hr class=\"e104-16 x-line  x-hide-lg x-hide-md x-hide-xl\" >\n<\/div>\n\n<div class=\"e104-17 x-column x-sm x-1-2\" >\n    <h2  class=\"h-custom-headline h4\" ><span>30 Jahre Know-How<\/span><\/h2>\n<div class=\"e104-19 x-text\" >\n  <p>Die MTO und Sie als Kunde profitieren somit von der Expertise der gesamten MTM Unternehmensgruppe, wodurch\u00a0 h\u00f6chste Qualit\u00e4t und eine hohe Prozesssicherheit sowie Effizienz und Effektivit\u00e4t gew\u00e4hrleistet werden. Hierdurch hebt sich MTO Oberfl\u00e4chentechnik von ihren Mitbewerbern ab und macht uns somit zu einem attraktiven Partner f\u00fcr Ihre Teilereinigung.<\/p><\/div>\n<\/div>\n<\/div>\n    <\/div>\n\n<div class=\"e104-20 x-section\" >\n      \n<div class=\"e104-21 x-row x-container max width\" >\n    <div class=\"x-row-inner\">\n<div class=\"e104-22 x-col\" >\n    <h2  class=\"h-custom-headline h4\" ><span>Philosophie<\/span><\/h2>\n<hr class=\"e104-24 x-line\" >\n  <\/div>\n<\/div>\n  <\/div>\n\n<div class=\"e104-25 x-row x-container max width\" >\n    <div class=\"x-row-inner\">\n<div class=\"e104-26 x-col\" >\n    \n<span class=\"e104-27 x-image\" >\n  <img src=\"http:\/\/mto-gmbh.com\/Neu\/wp-content\/uploads\/2019\/10\/Symbole-51-300x300.png\" width=\"150\" height=\"150\" alt=\"Image\" loading=\"lazy\" >\n<\/span>\n  <\/div>\n\n<div class=\"e104-28 x-col\" >\n    \n<hr class=\"e104-29 x-line\" >\n<div class=\"x-text\"  ><p>F\u00fcr uns, als Familienunternehmen in zweiter Generation, sind Werte und Normen ein wichtiger Faktor im Umgang mit unseren Mitarbeitern, unseren Kunden und unseren Gesch\u00e4ftspartnern zur Erreichung der von uns gesetzten Unternehmensziele.<\/p>\n<\/div>\n<hr class=\"e104-31 x-line\" >\n  <\/div>\n<\/div>\n  <\/div>\n\n<div class=\"e104-32 x-row x-container max width\" >\n    <div class=\"x-row-inner\">\n<div class=\"e104-33 x-col\" >\n    \n<span class=\"e104-34 x-image\" >\n  <img src=\"http:\/\/mto-gmbh.com\/Neu\/wp-content\/uploads\/2019\/10\/Symbole-61-300x300.png\" width=\"150\" height=\"150\" alt=\"Image\" loading=\"lazy\" >\n<\/span>\n  <\/div>\n\n<div class=\"e104-35 x-col\" >\n    <div class=\"x-text\"  ><p>Als Dienstleister von innovativen Reinigungsanlagen achten wir grunds\u00e4tzlich auf h\u00f6chste Energieeffizienz und beste Qualit\u00e4t unserer Dienstleistungen und Produkte.<\/p>\n<\/div>\n<hr class=\"e104-37 x-line\" >\n  <\/div>\n<\/div>\n  <\/div>\n\n<div class=\"e104-38 x-row x-container max width\" >\n    <div class=\"x-row-inner\">\n<div class=\"e104-39 x-col\" >\n    \n<span class=\"e104-40 x-image\" >\n  <img src=\"http:\/\/mto-gmbh.com\/Neu\/wp-content\/uploads\/2019\/09\/Symbole-69.png\" width=\"125\" height=\"125\" alt=\"Image\" loading=\"lazy\" >\n<\/span>\n  <\/div>\n\n<div class=\"e104-41 x-col\" >\n    <div class=\"x-text\"  ><p>Unsere Produktion ist nicht nur auf Massenfertigung ausgelegt, sondern auf die Bed\u00fcrfnisse des einzelnen Kunden ausgerichtet, um so ein perfektes Reinigungsergebnis in bester Qualit\u00e4t realisieren zu k\u00f6nnen. Dabei k\u00f6nnen wir auf langj\u00e4hriges Know-How zur\u00fcckgreifen und den innovativen Geist unserer qualifizierten Mitarbeiter. Unser Ziel sind langfristige und partnerschaftliche Kundenbeziehungen. Zu unseren Kunden z\u00e4hlen mittelst\u00e4ndische Unternehmen der metallverarbeitenden Industrie, Unternehmen der Solarbranche und dem Bereich der erneuerbaren Energien.<\/p>\n<\/div>\n<hr class=\"e104-43 x-line\" >\n  <\/div>\n<\/div>\n  <\/div>\n    <\/div>\n<\/div>\n","protected":false},"excerpt":{"rendered":"<p>\u00dcber uns MTO Oberfl&auml;chenbehandlung GmbH ist Ihr professioneller Dienstleister bei der Lohnreinigung von Bauteilen. Unser Maschinenpark besteht &uuml;berwiegend aus High-Tech Waschanlagen, welche auf w&auml;ssriger Basis mit Reinigern betrieben werden, die auf Ihre Produkte und Reinheitsanforderungen abgestimmt sind. Unsere jahrelange Erfahrung in diesem innovationsgetriebenen Markt macht uns zum kompetenten Partner f&uuml;r die Reinigung ihrer Bauteile. Reinigung als Dienstleistung Im Zuge der &#8230;<\/p>\n","protected":false},"author":2,"featured_media":0,"parent":0,"menu_order":0,"comment_status":"closed","ping_status":"closed","template":"template-blank-5.php","meta":[],"yoast_head":"<!-- This site is optimized with the Yoast SEO plugin v15.7 - https:\/\/yoast.com\/wordpress\/plugins\/seo\/ -->\n<title>MTO hilft Ihnen als Lohnreiniger bei der industriellen Bauteilereinigung<\/title>\n<meta name=\"description\" content=\"Die MTO GmbH steht Ihnen als Dienstleister f\u00fcr die Lohnreinigung von industriellen Bauteilen zur Seite. Individuelle und ma\u00dfgeschneiderte L\u00f6sungen f\u00fcr komplexe Aufgabenstellungen sind dabei die St\u00e4rke des Unternehmens. Fragen Sie hier an!\" \/>\n<meta name=\"robots\" content=\"index, follow, max-snippet:-1, max-image-preview:large, max-video-preview:-1\" \/>\n<link rel=\"canonical\" href=\"https:\/\/mto-gmbh.com\/Neu\/index.php\/unternehmen\/\" \/>\n<meta property=\"og:locale\" content=\"de_DE\" \/>\n<meta property=\"og:type\" content=\"article\" \/>\n<meta property=\"og:title\" content=\"MTO hilft Ihnen als Lohnreiniger bei der industriellen Bauteilereinigung\" \/>\n<meta property=\"og:description\" content=\"Die MTO GmbH steht Ihnen als Dienstleister f\u00fcr die Lohnreinigung von industriellen Bauteilen zur Seite. Individuelle und ma\u00dfgeschneiderte L\u00f6sungen f\u00fcr komplexe Aufgabenstellungen sind dabei die St\u00e4rke des Unternehmens. Fragen Sie hier an!\" \/>\n<meta property=\"og:url\" content=\"https:\/\/mto-gmbh.com\/Neu\/index.php\/unternehmen\/\" \/>\n<meta property=\"og:site_name\" content=\"MTO Oberfl\u00e4chenbehandlung GmbH - industrielle Bauteilereinigung\" \/>\n<meta property=\"article:modified_time\" content=\"2022-10-04T11:26:46+00:00\" \/>\n<meta name=\"twitter:card\" content=\"summary_large_image\" \/>\n<meta name=\"twitter:label1\" content=\"Gesch\u00e4tzte Lesezeit\">\n\t<meta name=\"twitter:data1\" content=\"3 Minuten\">\n<script type=\"application\/ld+json\" class=\"yoast-schema-graph\">{\"@context\":\"https:\/\/schema.org\",\"@graph\":[{\"@type\":\"WebSite\",\"@id\":\"https:\/\/mto-gmbh.com\/Neu\/#website\",\"url\":\"https:\/\/mto-gmbh.com\/Neu\/\",\"name\":\"MTO Oberfl\\u00e4chenbehandlung GmbH - industrielle Bauteilereinigung\",\"description\":\"Ihr Dienstleister f\\u00fcr die Lohnreinigung von industriellen Bauteilen\",\"potentialAction\":[{\"@type\":\"SearchAction\",\"target\":\"https:\/\/mto-gmbh.com\/Neu\/?s={search_term_string}\",\"query-input\":\"required name=search_term_string\"}],\"inLanguage\":\"de-DE\"},{\"@type\":\"WebPage\",\"@id\":\"https:\/\/mto-gmbh.com\/Neu\/index.php\/unternehmen\/#webpage\",\"url\":\"https:\/\/mto-gmbh.com\/Neu\/index.php\/unternehmen\/\",\"name\":\"MTO hilft Ihnen als Lohnreiniger bei der industriellen Bauteilereinigung\",\"isPartOf\":{\"@id\":\"https:\/\/mto-gmbh.com\/Neu\/#website\"},\"datePublished\":\"2019-09-30T09:39:22+00:00\",\"dateModified\":\"2022-10-04T11:26:46+00:00\",\"description\":\"Die MTO GmbH steht Ihnen als Dienstleister f\\u00fcr die Lohnreinigung von industriellen Bauteilen zur Seite. Individuelle und ma\\u00dfgeschneiderte L\\u00f6sungen f\\u00fcr komplexe Aufgabenstellungen sind dabei die St\\u00e4rke des Unternehmens. Fragen Sie hier an!\",\"inLanguage\":\"de-DE\",\"potentialAction\":[{\"@type\":\"ReadAction\",\"target\":[\"https:\/\/mto-gmbh.com\/Neu\/index.php\/unternehmen\/\"]}]}]}<\/script>\n<!-- \/ Yoast SEO plugin. -->","_links":{"self":[{"href":"https:\/\/mto-gmbh.com\/Neu\/index.php\/wp-json\/wp\/v2\/pages\/104"}],"collection":[{"href":"https:\/\/mto-gmbh.com\/Neu\/index.php\/wp-json\/wp\/v2\/pages"}],"about":[{"href":"https:\/\/mto-gmbh.com\/Neu\/index.php\/wp-json\/wp\/v2\/types\/page"}],"author":[{"embeddable":true,"href":"https:\/\/mto-gmbh.com\/Neu\/index.php\/wp-json\/wp\/v2\/users\/2"}],"replies":[{"embeddable":true,"href":"https:\/\/mto-gmbh.com\/Neu\/index.php\/wp-json\/wp\/v2\/comments?post=104"}],"version-history":[{"count":13,"href":"https:\/\/mto-gmbh.com\/Neu\/index.php\/wp-json\/wp\/v2\/pages\/104\/revisions"}],"predecessor-version":[{"id":888,"href":"https:\/\/mto-gmbh.com\/Neu\/index.php\/wp-json\/wp\/v2\/pages\/104\/revisions\/888"}],"wp:attachment":[{"href":"https:\/\/mto-gmbh.com\/Neu\/index.php\/wp-json\/wp\/v2\/media?parent=104"}],"curies":[{"name":"wp","href":"https:\/\/api.w.org\/{rel}","templated":true}]}}