{"id":101,"date":"2019-09-30T11:39:22","date_gmt":"2019-09-30T09:39:22","guid":{"rendered":"http:\/\/mto-gmbh.com\/Neu\/?page_id=101"},"modified":"2025-10-28T08:26:33","modified_gmt":"2025-10-28T07:26:33","slug":"qualitaet","status":"publish","type":"page","link":"https:\/\/mto-gmbh.com\/Neu\/index.php\/qualitaet\/","title":{"rendered":"Qualit\u00e4t"},"content":{"rendered":"<div id=\"cs-content\" class=\"cs-content\"  >\n<div class=\"e101-1 x-section\" >\n      \n<div class=\"e101-2 x-row\" >\n    <div class=\"x-row-inner\">\n<div class=\"e101-3 x-col\" >\n    \n\t\t\t<!-- START MTO Leistungen REVOLUTION SLIDER 6.2.22 --><p class=\"rs-p-wp-fix\"><\/p>\n\t\t\t<rs-module-wrap id=\"rev_slider_7_1_wrapper\" data-source=\"gallery\" style=\"background:transparent;padding:0;\">\n\t\t\t\t<rs-module id=\"rev_slider_7_1\" style=\"\" data-version=\"6.2.22\">\n\t\t\t\t\t<rs-slides>\n\t\t\t\t\t\t<rs-slide data-key=\"rs-32\" data-title=\"Slide\" data-anim=\"ei:d;eo:d;s:1000;r:0;t:fade;sl:0;\">\n\t\t\t\t\t\t\t<img src=\"\/\/mto-gmbh.com\/Neu\/wp-content\/plugins\/revslider\/public\/assets\/assets\/transparent.png\" alt=\"Slide\" title=\"Qualit\u00e4t\" class=\"rev-slidebg\" data-no-retina>\n<!--\n\t\t\t\t\t\t\t--><rs-layer\n\t\t\t\t\t\t\t\tid=\"slider-7-slide-32-layer-8\" \n\t\t\t\t\t\t\t\tdata-type=\"image\"\n\t\t\t\t\t\t\t\tdata-xy=\"xo:-4px;yo:-9px;\"\n\t\t\t\t\t\t\t\tdata-text=\"w:normal;\"\n\t\t\t\t\t\t\t\tdata-dim=\"w:['1240px','1240px','1240px','1240px'];h:['400px','400px','400px','400px'];\"\n\t\t\t\t\t\t\t\tdata-rsp_o=\"off\"\n\t\t\t\t\t\t\t\tdata-rsp_bd=\"off\"\n\t\t\t\t\t\t\t\tdata-frame_999=\"o:0;st:w;\"\n\t\t\t\t\t\t\t\tstyle=\"z-index:8;\"\n\t\t\t\t\t\t\t><img src=\"\/\/mto-gmbh.com\/Neu\/wp-content\/uploads\/2019\/11\/Slider_1240-x400px-_28.jpg\" width=\"5167\" height=\"1667\" data-no-retina> \n\t\t\t\t\t\t\t<\/rs-layer><!--\n\n\t\t\t\t\t\t\t--><rs-layer\n\t\t\t\t\t\t\t\tid=\"slider-7-slide-32-layer-28\" \n\t\t\t\t\t\t\t\tdata-type=\"text\"\n\t\t\t\t\t\t\t\tdata-xy=\"x:c;xo:-7px;yo:166px;\"\n\t\t\t\t\t\t\t\tdata-text=\"w:normal;s:19;l:24;a:center;\"\n\t\t\t\t\t\t\t\tdata-dim=\"w:178;h:95px;\"\n\t\t\t\t\t\t\t\tdata-rsp_o=\"off\"\n\t\t\t\t\t\t\t\tdata-rsp_bd=\"off\"\n\t\t\t\t\t\t\t\tdata-frame_999=\"o:0;st:w;\"\n\t\t\t\t\t\t\t\tstyle=\"z-index:9;font-family:Arial, Helvetica, sans-serif;\"\n\t\t\t\t\t\t\t>Wir bieten Ihnen ma\u00dfgeschneiderte Reinigungsverfahren <br \/>\nf\u00fcr Ihre Bauteile \n\t\t\t\t\t\t\t<\/rs-layer><!--\n-->\t\t\t\t\t\t<\/rs-slide>\n\t\t\t\t\t<\/rs-slides>\n\t\t\t\t\t<rs-static-layers><!--\n\t\t\t\t\t--><\/rs-static-layers>\n\t\t\t\t<\/rs-module>\n\t\t\t\t<script type=\"text\/javascript\">\n\t\t\t\t\tsetREVStartSize({c: 'rev_slider_7_1',rl:[1240,1024,778,480],el:[400,768,960,720],gw:[1240,1024,778,480],gh:[400,400,960,720],type:'standard',justify:'',layout:'fullscreen',offsetContainer:'',offset:'',mh:\"0\"});\n\t\t\t\t\tvar\trevapi7,\n\t\t\t\t\t\ttpj;\n\t\t\t\t\tfunction revinit_revslider71() {\n\t\t\t\t\tjQuery(function() {\n\t\t\t\t\t\ttpj = jQuery;\n\t\t\t\t\t\trevapi7 = tpj(\"#rev_slider_7_1\");\n\t\t\t\t\t\tif(revapi7==undefined || revapi7.revolution == undefined){\n\t\t\t\t\t\t\trevslider_showDoubleJqueryError(\"rev_slider_7_1\");\n\t\t\t\t\t\t}else{\n\t\t\t\t\t\t\trevapi7.revolution({\n\t\t\t\t\t\t\t\tsliderLayout:\"fullscreen\",\n\t\t\t\t\t\t\t\tduration:\"1000ms\",\n\t\t\t\t\t\t\t\tvisibilityLevels:\"1240,1024,778,480\",\n\t\t\t\t\t\t\t\tgridwidth:\"1240,1024,778,480\",\n\t\t\t\t\t\t\t\tgridheight:\"400,400,960,720\",\n\t\t\t\t\t\t\t\tspinner:\"spinner0\",\n\t\t\t\t\t\t\t\tperspectiveType:\"local\",\n\t\t\t\t\t\t\t\teditorheight:\"400,768,960,720\",\n\t\t\t\t\t\t\t\tresponsiveLevels:\"1240,1024,778,480\",\n\t\t\t\t\t\t\t\tshuffle:true,\n\t\t\t\t\t\t\t\tprogressBar:{disableProgressBar:true},\n\t\t\t\t\t\t\t\tnavigation: {\n\t\t\t\t\t\t\t\t\tonHoverStop:false\n\t\t\t\t\t\t\t\t},\n\t\t\t\t\t\t\t\tfallbacks: {\n\t\t\t\t\t\t\t\t\tallowHTML5AutoPlayOnAndroid:true\n\t\t\t\t\t\t\t\t},\n\t\t\t\t\t\t\t});\n\t\t\t\t\t\t}\n\t\t\t\t\t\t\n\t\t\t\t\t});\n\t\t\t\t\t} \/\/ End of RevInitScript\n\t\t\t\tvar once_revslider71 = false;\n\t\t\t\tif (document.readyState === \"loading\") {document.addEventListener('readystatechange',function() { if((document.readyState === \"interactive\" || document.readyState === \"complete\") && !once_revslider71 ) { once_revslider71 = true; revinit_revslider71();}});} else {once_revslider71 = true; revinit_revslider71();}\n\t\t\t\t<\/script>\n\t\t\t<\/rs-module-wrap>\n\t\t\t<!-- END REVOLUTION SLIDER -->\n  <\/div>\n<\/div>\n  <\/div>\n    <\/div>\n\n<div class=\"e101-5 x-section\" >\n      \n<div class=\"e101-6 x-row x-container max width\" >\n    <div class=\"x-row-inner\">\n<div class=\"e101-7 x-col\" >\n    <h2  class=\"h-custom-headline cs-ta-center h3\" ><span>Die Grundlagen unseres Erfolges<\/span><\/h2>\n<hr class=\"e101-9 x-line\" >\n<div class=\"x-text cs-ta-center\"  ><p>Der hohe Qualit\u00e4tsanspruch der gesamten MTM Unternehmensgruppe bildet die Grundlage f\u00fcr unseren Erfolg bei der MTO Oberfl\u00e4chentechnik. Durch die langj\u00e4hrige Zusammenarbeit mit diversen namhaften OEMs, messen wir uns an deren Qualit\u00e4tsanforderungen besonders hinsichtlich Prozesssicherheit.<\/p>\n<\/div>\n<hr class=\"e101-11 x-line\" >\n  <\/div>\n<\/div>\n  <\/div>\n\n<div class=\"e101-12 x-row x-container max width\" >\n    <div class=\"x-row-inner\">\n<div class=\"e101-13 x-col\" >\n    \n<span class=\"e101-14 x-image\" >\n  <img src=\"http:\/\/mto-gmbh.com\/Neu\/wp-content\/uploads\/2019\/09\/T\u00dcV-Rheinland_gek\u00fcrzt.png\" width=\"87\" height=\"87.5\" alt=\"Image\" loading=\"lazy\" >\n<\/span>\n\n<span class=\"e101-15 x-image\" >\n  <img src=\"https:\/\/mto-gmbh.com\/Neu\/wp-content\/uploads\/2019\/09\/14001-15-Logo_EU-No.jpg\" width=\"218\" height=\"216\" alt=\"Umweltnorm ISO 14001\" loading=\"lazy\" >\n<\/span>\n\n<span class=\"e101-16 x-image\" >\n  <img src=\"https:\/\/mto-gmbh.com\/Neu\/wp-content\/uploads\/2019\/09\/9001-15-Logo_EU-No.jpg\" width=\"218\" height=\"216\" alt=\"ISO 9001\" loading=\"lazy\" >\n<\/span>\n  <\/div>\n<\/div>\n  <\/div>\n    <\/div>\n\n<div class=\"e101-17 x-section\" >\n      \n<div class=\"e101-18 x-row x-container max width\" >\n    <div class=\"x-row-inner\">\n<div class=\"e101-19 x-col\" >\n    <h2  class=\"h-custom-headline cs-ta-center h3\" ><span>Nachhaltigkeit<\/span><\/h2>\n<hr class=\"e101-21 x-line\" >\n<div class=\"x-text cs-ta-center\"  ><p>Die MTO GmbH hat ihren Sitz im l\u00e4ndlich gelegenen Oberbergischen Kreis (NRW).Wir bei MTO genie\u00dfen t\u00e4glich in vollen Z\u00fcgen den Luxus der freien Natur, somit sehen wir Nachhaltigkeit als selbstverst\u00e4ndlich an und nicht als Trend.<\/p>\n<\/div>  <\/div>\n<\/div>\n  <\/div>\n\n<div class=\"e101-23 x-row x-container max width\" >\n    <div class=\"x-row-inner\">\n<div class=\"e101-24 x-col\" >\n    \n<span class=\"e101-25 x-image\" >\n  <img src=\"http:\/\/mto-gmbh.com\/Neu\/wp-content\/uploads\/2019\/10\/Symbole-61-300x300.png\" width=\"150\" height=\"150\" alt=\"Nachhaltigkeit beim Lohnwaschen von industriellen Teilen\" loading=\"lazy\" >\n<\/span>\n  <\/div>\n\n<div class=\"e101-26 x-col\" >\n    \n<span class=\"e101-27 x-image\" >\n  <img src=\"http:\/\/mto-gmbh.com\/Neu\/wp-content\/uploads\/2019\/10\/Symbole-64-300x300.png\" width=\"150\" height=\"150\" alt=\"Nachhaltigkeit beim Lohnwaschen von industriellen Teilen\" loading=\"lazy\" >\n<\/span>\n  <\/div>\n\n<div class=\"e101-28 x-col\" >\n    \n<span class=\"e101-29 x-image\" >\n  <img src=\"http:\/\/mto-gmbh.com\/Neu\/wp-content\/uploads\/2019\/10\/Symbole_Artboard-169-300x300.png\" width=\"150\" height=\"150\" alt=\"Nachhaltigkeit bei MTO\" loading=\"lazy\" >\n<\/span>\n  <\/div>\n<\/div>\n  <\/div>\n    <\/div>\n\n<div class=\"e101-30 x-section\" >\n      \n<div class=\"e101-31 x-row x-container max width\" >\n    <div class=\"x-row-inner\">\n<div class=\"e101-32 x-col\" >\n    \n<div class=\"e101-33 x-text\" >\n  <p>F\u00fcr uns ist klar, dass wir neben der Entwicklung von neuen Technologien, das Thema \u00d6kologie und den schonenden Umgang mit Ressourcen in den Mittelpunkt unserer zukunftsorientierten Agenda gestellt haben.<\/p>\n<p>Mit dem MTO-\u00d6ko-Pack-System bietet unsere Reinigungstechnik ein umweltschonendes, wassersparendes Aggregat an. Dazu geh\u00f6rt auch der optional m\u00f6gliche Betrieb mit einem Blockheizkraftwerk, was einzigartig im Zusammenhang mit Industrie-Reinigungsanlagen ist. Unsere Anlagenkonzepte sind dahin gehend optimiert worden, dass grosse Stromverbraucher oder sonstige Medienverbraucher optimal in der Zykluszeit eingesetzt werden.<\/p><\/div>\n  <\/div>\n\n<div class=\"e101-34 x-col\" >\n    \n<div class=\"e101-35 x-text\" >\n  <p>F\u00fcr die Entwicklung umweltschonender L\u00f6sungen ist MTO unter anderem mit dem schwedischen Linn\u00e9-Umweltpreis und dem Innovationspreis Berlin\/Brandenburg im Bereich \u201eUmwelttechnik\u201c ausgezeichnet worden.<\/p>\n<p>Au\u00dferdem geh\u00f6ren der Eta-Regionalpreis Mitteldeutschland und etliche, zum Teil internationale Patente zur dynamischen Unternehmensgeschichte. MTO steht f\u00fcr innovative und nachhaltige Anlagentechnik, und wird sowohl den Anspr\u00fcchen der Kunden nach wirtschaftlichen Reinigungsanlagen, als auch den \u00f6kologischen Forderungen in vollem Umfang gerecht.<\/p><\/div>\n  <\/div>\n<\/div>\n  <\/div>\n    <\/div>\n<\/div>\n","protected":false},"excerpt":{"rendered":"<p>Wir bieten Ihnen ma\u00dfgeschneiderte Reinigungsverfahren f\u00fcr Ihre Bauteile Die Grundlagen unseres Erfolges Der hohe Qualit\u00e4tsanspruch der gesamten MTM Unternehmensgruppe bildet die Grundlage f\u00fcr unseren Erfolg bei der MTO Oberfl\u00e4chentechnik. Durch die langj\u00e4hrige Zusammenarbeit mit diversen namhaften OEMs, messen wir uns an deren Qualit\u00e4tsanforderungen besonders hinsichtlich Prozesssicherheit. Nachhaltigkeit Die MTO GmbH hat ihren Sitz im l\u00e4ndlich gelegenen Oberbergischen Kreis (NRW).Wir bei &#8230;<\/p>\n","protected":false},"author":2,"featured_media":0,"parent":0,"menu_order":0,"comment_status":"closed","ping_status":"closed","template":"template-blank-4.php","meta":[],"yoast_head":"<!-- This site is optimized with the Yoast SEO plugin v15.7 - https:\/\/yoast.com\/wordpress\/plugins\/seo\/ -->\n<title>MTO GmbH: Zertifizierte Qualit\u00e4t f\u00fcr die industrielle Bauteilereinigung<\/title>\n<meta name=\"description\" content=\"Als Dienstleiter f\u00fcr die industrielle Bauteteilereinigung arbeitet MTO nach h\u00f6chsten Qualit\u00e4tsanspr\u00fcchen. F\u00fcr bessere Prozesssicherheit und Nachhaltigkeit..\" \/>\n<meta name=\"robots\" content=\"index, follow, max-snippet:-1, max-image-preview:large, max-video-preview:-1\" \/>\n<link rel=\"canonical\" href=\"https:\/\/mto-gmbh.com\/Neu\/index.php\/qualitaet\/\" \/>\n<meta property=\"og:locale\" content=\"de_DE\" \/>\n<meta property=\"og:type\" content=\"article\" \/>\n<meta property=\"og:title\" content=\"MTO GmbH: Zertifizierte Qualit\u00e4t f\u00fcr die industrielle Bauteilereinigung\" \/>\n<meta property=\"og:description\" content=\"Als Dienstleiter f\u00fcr die industrielle Bauteteilereinigung arbeitet MTO nach h\u00f6chsten Qualit\u00e4tsanspr\u00fcchen. F\u00fcr bessere Prozesssicherheit und Nachhaltigkeit..\" \/>\n<meta property=\"og:url\" content=\"https:\/\/mto-gmbh.com\/Neu\/index.php\/qualitaet\/\" \/>\n<meta property=\"og:site_name\" content=\"MTO Oberfl\u00e4chenbehandlung GmbH - industrielle Bauteilereinigung\" \/>\n<meta property=\"article:modified_time\" content=\"2025-10-28T07:26:33+00:00\" \/>\n<meta name=\"twitter:card\" content=\"summary_large_image\" \/>\n<meta name=\"twitter:label1\" content=\"Gesch\u00e4tzte Lesezeit\">\n\t<meta name=\"twitter:data1\" content=\"3 Minuten\">\n<script type=\"application\/ld+json\" class=\"yoast-schema-graph\">{\"@context\":\"https:\/\/schema.org\",\"@graph\":[{\"@type\":\"WebSite\",\"@id\":\"https:\/\/mto-gmbh.com\/Neu\/#website\",\"url\":\"https:\/\/mto-gmbh.com\/Neu\/\",\"name\":\"MTO Oberfl\\u00e4chenbehandlung GmbH - industrielle Bauteilereinigung\",\"description\":\"Ihr Dienstleister f\\u00fcr die Lohnreinigung von industriellen Bauteilen\",\"potentialAction\":[{\"@type\":\"SearchAction\",\"target\":\"https:\/\/mto-gmbh.com\/Neu\/?s={search_term_string}\",\"query-input\":\"required name=search_term_string\"}],\"inLanguage\":\"de-DE\"},{\"@type\":\"WebPage\",\"@id\":\"https:\/\/mto-gmbh.com\/Neu\/index.php\/qualitaet\/#webpage\",\"url\":\"https:\/\/mto-gmbh.com\/Neu\/index.php\/qualitaet\/\",\"name\":\"MTO GmbH: Zertifizierte Qualit\\u00e4t f\\u00fcr die industrielle Bauteilereinigung\",\"isPartOf\":{\"@id\":\"https:\/\/mto-gmbh.com\/Neu\/#website\"},\"datePublished\":\"2019-09-30T09:39:22+00:00\",\"dateModified\":\"2025-10-28T07:26:33+00:00\",\"description\":\"Als Dienstleiter f\\u00fcr die industrielle Bauteteilereinigung arbeitet MTO nach h\\u00f6chsten Qualit\\u00e4tsanspr\\u00fcchen. F\\u00fcr bessere Prozesssicherheit und Nachhaltigkeit..\",\"inLanguage\":\"de-DE\",\"potentialAction\":[{\"@type\":\"ReadAction\",\"target\":[\"https:\/\/mto-gmbh.com\/Neu\/index.php\/qualitaet\/\"]}]}]}<\/script>\n<!-- \/ Yoast SEO plugin. -->","_links":{"self":[{"href":"https:\/\/mto-gmbh.com\/Neu\/index.php\/wp-json\/wp\/v2\/pages\/101"}],"collection":[{"href":"https:\/\/mto-gmbh.com\/Neu\/index.php\/wp-json\/wp\/v2\/pages"}],"about":[{"href":"https:\/\/mto-gmbh.com\/Neu\/index.php\/wp-json\/wp\/v2\/types\/page"}],"author":[{"embeddable":true,"href":"https:\/\/mto-gmbh.com\/Neu\/index.php\/wp-json\/wp\/v2\/users\/2"}],"replies":[{"embeddable":true,"href":"https:\/\/mto-gmbh.com\/Neu\/index.php\/wp-json\/wp\/v2\/comments?post=101"}],"version-history":[{"count":25,"href":"https:\/\/mto-gmbh.com\/Neu\/index.php\/wp-json\/wp\/v2\/pages\/101\/revisions"}],"predecessor-version":[{"id":984,"href":"https:\/\/mto-gmbh.com\/Neu\/index.php\/wp-json\/wp\/v2\/pages\/101\/revisions\/984"}],"wp:attachment":[{"href":"https:\/\/mto-gmbh.com\/Neu\/index.php\/wp-json\/wp\/v2\/media?parent=101"}],"curies":[{"name":"wp","href":"https:\/\/api.w.org\/{rel}","templated":true}]}}